{"id":2158,"date":"2021-10-11T04:10:45","date_gmt":"2021-10-11T04:10:45","guid":{"rendered":"https:\/\/topgardenblog.com\/?page_id=2157"},"modified":"2021-10-11T04:10:45","modified_gmt":"2021-10-11T04:10:45","slug":"sobre-nos","status":"publish","type":"page","link":"https:\/\/topgardenblog.com\/ru\/sobre-nos\/","title":{"rendered":"\u041e \u043d\u0430\u0441"},"content":{"rendered":"<p>Bem-vindo ao Top Garden Blog, o seu portal confi\u00e1vel para explorar o vasto universo da tecnologia e inova\u00e7\u00e3o. Desde a nossa funda\u00e7\u00e3o, temos nos dedicado a fornecer informa\u00e7\u00f5es precisas, an\u00e1lises imparciais e conte\u00fado envolvente para todos os entusiastas da tecnologia, desde curiosos at\u00e9 especialistas.<\/p>\n\n\n\n<p><strong>\u041a\u0442\u043e \u043c\u044b \u0435\u0441\u0442\u044c:<\/strong> A equipe por tr\u00e1s da Top Garden Blog \u00e9 composta por amantes da tecnologia, pesquisadores \u00e1vidos e escritores especializados. Nossa paix\u00e3o compartilhada pela evolu\u00e7\u00e3o tecnol\u00f3gica nos motiva a trazer a voc\u00ea informa\u00e7\u00f5es atualizadas e perspicazes. Nosso compromisso \u00e9 ser a sua fonte confi\u00e1vel de conhecimento tecnol\u00f3gico, independentemente de voc\u00ea ser um novato entusiasmado ou um profissional experiente.<\/p>\n\n\n\n<p><strong>\u0427\u0442\u043e \u043c\u044b \u043f\u0440\u0435\u0434\u043b\u0430\u0433\u0430\u0435\u043c:<\/strong> Na Top Garden Blog, voc\u00ea encontrar\u00e1 uma variedade de recursos para enriquecer sua compreens\u00e3o e aprecia\u00e7\u00e3o da tecnologia:<\/p>\n\n\n\n<ol class=\"wp-block-list\">\n<li><strong>\u041f\u043e\u0434\u0440\u043e\u0431\u043d\u044b\u0435 \u0441\u0442\u0430\u0442\u044c\u0438:<\/strong> \u0412 \u043d\u0430\u0448\u0438\u0445 \u043f\u043e\u0434\u0440\u043e\u0431\u043d\u044b\u0445 \u0441\u0442\u0430\u0442\u044c\u044f\u0445 \u0440\u0430\u0441\u0441\u043c\u0430\u0442\u0440\u0438\u0432\u0430\u044e\u0442\u0441\u044f \u0441\u0430\u043c\u044b\u0435 \u0430\u043a\u0442\u0443\u0430\u043b\u044c\u043d\u044b\u0435 \u0442\u0435\u043c\u044b \u0442\u0435\u0445\u043d\u043e\u043b\u043e\u0433\u0438\u0447\u0435\u0441\u043a\u043e\u0439 \u043e\u0442\u0440\u0430\u0441\u043b\u0438. \u041e\u0442 \u043e\u0431\u0437\u043e\u0440\u043e\u0432 \u043f\u0440\u043e\u0434\u0443\u043a\u0442\u043e\u0432 \u0434\u043e \u0434\u0438\u0441\u043a\u0443\u0441\u0441\u0438\u0439 \u043e \u043d\u043e\u0432\u044b\u0445 \u0442\u0435\u043d\u0434\u0435\u043d\u0446\u0438\u044f\u0445 \u2014 \u043c\u044b \u0437\u0434\u0435\u0441\u044c, \u0447\u0442\u043e\u0431\u044b \u0438\u043d\u0444\u043e\u0440\u043c\u0438\u0440\u043e\u0432\u0430\u0442\u044c \u0438 \u0432\u0434\u043e\u0445\u043d\u043e\u0432\u043b\u044f\u0442\u044c.<\/li>\n\n\n\n<li><strong>\u041e\u0441\u0432\u0435\u0449\u0435\u043d\u0438\u0435 \u0441\u043e\u0431\u044b\u0442\u0438\u0439:<\/strong> \u0421\u043b\u0435\u0434\u0438\u0442\u0435 \u0432\u043c\u0435\u0441\u0442\u0435 \u0441 \u043d\u0430\u043c\u0438 \u0437\u0430 \u0441\u0430\u043c\u044b\u043c\u0438 \u0437\u043d\u0430\u0447\u0438\u043c\u044b\u043c\u0438 \u0441\u043e\u0431\u044b\u0442\u0438\u044f\u043c\u0438 \u0432 \u0442\u0435\u0445\u043d\u043e\u043b\u043e\u0433\u0438\u0447\u0435\u0441\u043a\u043e\u043c \u043c\u0438\u0440\u0435. \u041c\u044b \u043f\u043e\u0434\u0440\u043e\u0431\u043d\u043e \u043e\u0441\u0432\u0435\u0449\u0430\u0435\u043c \u043f\u0440\u0435\u0437\u0435\u043d\u0442\u0430\u0446\u0438\u0438 \u043f\u0440\u043e\u0434\u0443\u043a\u0442\u043e\u0432, \u043a\u043e\u043d\u0444\u0435\u0440\u0435\u043d\u0446\u0438\u0438 \u0438 \u0432\u0430\u0436\u043d\u044b\u0435 \u043e\u0431\u044a\u044f\u0432\u043b\u0435\u043d\u0438\u044f.<\/li>\n\n\n\n<li><strong>\u041f\u043e\u0437\u043d\u0430\u0432\u0430\u0442\u0435\u043b\u044c\u043d\u044b\u0435 \u0438\u043d\u0442\u0435\u0440\u0432\u044c\u044e:<\/strong> \u041f\u043e\u0433\u043e\u0432\u043e\u0440\u0438\u0442\u0435 \u0441 \u043b\u0438\u0434\u0435\u0440\u0430\u043c\u0438 \u043c\u043d\u0435\u043d\u0438\u0439, \u043f\u0440\u0435\u0434\u043f\u0440\u0438\u043d\u0438\u043c\u0430\u0442\u0435\u043b\u044f\u043c\u0438 \u0438 \u043f\u0440\u043e\u0432\u0438\u0434\u0446\u0430\u043c\u0438 \u0432 \u043d\u0430\u0448\u0438\u0445 \u044d\u043a\u0441\u043a\u043b\u044e\u0437\u0438\u0432\u043d\u044b\u0445 \u0438\u043d\u0442\u0435\u0440\u0432\u044c\u044e. \u0423\u0437\u043d\u0430\u0439\u0442\u0435 \u0438\u0445 \u0432\u0434\u043e\u0445\u043d\u043e\u0432\u043b\u044f\u044e\u0449\u0438\u0435 \u0438\u0441\u0442\u043e\u0440\u0438\u0438 \u0438 \u0432\u0438\u0434\u0435\u043d\u0438\u0435 \u0431\u0443\u0434\u0443\u0449\u0435\u0433\u043e \u0442\u0435\u0445\u043d\u043e\u043b\u043e\u0433\u0438\u0439.<\/li>\n\n\n\n<li><strong>\u0423\u0447\u0430\u0441\u0442\u0438\u0435 \u0441\u043e\u043e\u0431\u0449\u0435\u0441\u0442\u0432\u0430:<\/strong> Top Garden Blog \u00e9 mais do que um site, \u00e9 uma comunidade. Participe de discuss\u00f5es, compartilhe suas opini\u00f5es e fa\u00e7a conex\u00f5es com outros apaixonados por tecnologia.<\/li>\n\n\n\n<li><strong>\u041e\u0431\u0440\u0430\u0437\u043e\u0432\u0430\u0442\u0435\u043b\u044c\u043d\u044b\u0435 \u0438\u0441\u0441\u043b\u0435\u0434\u043e\u0432\u0430\u043d\u0438\u044f:<\/strong> \u041c\u044b \u0445\u043e\u0442\u0438\u043c \u0434\u0430\u0442\u044c \u0432\u0430\u043c \u0437\u043d\u0430\u043d\u0438\u044f, \u043d\u0435\u043e\u0431\u0445\u043e\u0434\u0438\u043c\u044b\u0435 \u0434\u043b\u044f \u043d\u0430\u0432\u0438\u0433\u0430\u0446\u0438\u0438 \u0432 \u043f\u043e\u0441\u0442\u043e\u044f\u043d\u043d\u043e \u043c\u0435\u043d\u044f\u044e\u0449\u0435\u043c\u0441\u044f \u0442\u0435\u0445\u043d\u043e\u043b\u043e\u0433\u0438\u0447\u0435\u0441\u043a\u043e\u043c \u043c\u0438\u0440\u0435. \u041d\u0430\u0448\u0438 \u043f\u0440\u0430\u043a\u0442\u0438\u0447\u0435\u0441\u043a\u0438\u0435 \u0440\u0443\u043a\u043e\u0432\u043e\u0434\u0441\u0442\u0432\u0430 \u0438 \u0443\u0447\u0435\u0431\u043d\u044b\u0435 \u043f\u043e\u0441\u043e\u0431\u0438\u044f \u043e\u0431\u043b\u0435\u0433\u0447\u0430\u044e\u0442 \u043f\u043e\u043d\u0438\u043c\u0430\u043d\u0438\u0435 \u0441\u043b\u043e\u0436\u043d\u044b\u0445 \u043a\u043e\u043d\u0446\u0435\u043f\u0446\u0438\u0439.<\/li>\n<\/ol>\n\n\n\n<p><strong>\u041d\u0430\u0448 \u043a\u043e\u043c\u043f\u0440\u043e\u043c\u0438\u0441\u0441:<\/strong> No Top Garden Blog, a integridade \u00e9 fundamental. Comprometemo-nos a fornecer informa\u00e7\u00f5es precisas e imparciais. Cada artigo, an\u00e1lise e recurso \u00e9 cuidadosamente pesquisado e verificado para garantir que voc\u00ea receba informa\u00e7\u00f5es confi\u00e1veis.<\/p>\n\n\n\n<p>Junte-se a n\u00f3s enquanto mergulhamos nas maravilhas da tecnologia e exploramos as infinitas possibilidades que ela oferece. Top Garden Blog \u00e9 o seu parceiro confi\u00e1vel nessa jornada, onde a descoberta e a inova\u00e7\u00e3o se unem para moldar o futuro.<\/p>","protected":false},"excerpt":{"rendered":"<p>Bem-vindo ao Top Garden Blog, o seu portal confi\u00e1vel para explorar o vasto universo da tecnologia e inova\u00e7\u00e3o. Desde a nossa funda\u00e7\u00e3o, temos nos dedicado<\/p>","protected":false},"author":7,"featured_media":0,"parent":0,"menu_order":0,"comment_status":"closed","ping_status":"closed","template":"","meta":{"_acf_changed":false,"footnotes":""},"class_list":{"0":"post-2158","1":"page","2":"type-page","3":"status-publish","5":"infinite-scroll-item"},"acf":[],"yoast_head":"<!-- This site is optimized with the Yoast SEO plugin v22.6 - https:\/\/yoast.com\/wordpress\/plugins\/seo\/ -->\n<title>Sobre N\u00f3s - Top Garden<\/title>\n<meta name=\"robots\" content=\"index, follow, max-snippet:-1, max-image-preview:large, max-video-preview:-1\" \/>\n<link rel=\"canonical\" href=\"https:\/\/topgardenblog.com\/ru\/sobre-nos\/\" \/>\n<meta property=\"og:locale\" content=\"ru_RU\" \/>\n<meta property=\"og:type\" content=\"article\" \/>\n<meta property=\"og:title\" content=\"Sobre N\u00f3s - Top Garden\" \/>\n<meta property=\"og:description\" content=\"Bem-vindo ao Top Garden Blog, o seu portal confi\u00e1vel para explorar o vasto universo da tecnologia e inova\u00e7\u00e3o. Desde a nossa funda\u00e7\u00e3o, temos nos dedicado\" \/>\n<meta property=\"og:url\" content=\"https:\/\/topgardenblog.com\/ru\/sobre-nos\/\" \/>\n<meta property=\"og:site_name\" content=\"Top Garden\" \/>\n<meta name=\"twitter:card\" content=\"summary_large_image\" \/>\n<meta name=\"twitter:label1\" content=\"\u041f\u0440\u0438\u043c\u0435\u0440\u043d\u043e\u0435 \u0432\u0440\u0435\u043c\u044f \u0434\u043b\u044f \u0447\u0442\u0435\u043d\u0438\u044f\" \/>\n\t<meta name=\"twitter:data1\" content=\"2 \u043c\u0438\u043d\u0443\u0442\u044b\" \/>\n<script type=\"application\/ld+json\" class=\"yoast-schema-graph\">{\"@context\":\"https:\/\/schema.org\",\"@graph\":[{\"@type\":\"WebPage\",\"@id\":\"https:\/\/topgardenblog.com\/sobre-nos\/\",\"url\":\"https:\/\/topgardenblog.com\/sobre-nos\/\",\"name\":\"Sobre N\u00f3s - Top Garden\",\"isPartOf\":{\"@id\":\"https:\/\/topgardenblog.com\/#website\"},\"datePublished\":\"2021-10-11T04:10:45+00:00\",\"dateModified\":\"2021-10-11T04:10:45+00:00\",\"breadcrumb\":{\"@id\":\"https:\/\/topgardenblog.com\/sobre-nos\/#breadcrumb\"},\"inLanguage\":\"ru-RU\",\"potentialAction\":[{\"@type\":\"ReadAction\",\"target\":[\"https:\/\/topgardenblog.com\/sobre-nos\/\"]}]},{\"@type\":\"BreadcrumbList\",\"@id\":\"https:\/\/topgardenblog.com\/sobre-nos\/#breadcrumb\",\"itemListElement\":[{\"@type\":\"ListItem\",\"position\":1,\"name\":\"In\u00edcio\",\"item\":\"https:\/\/topgardenblog.com\/\"},{\"@type\":\"ListItem\",\"position\":2,\"name\":\"Sobre N\u00f3s\"}]},{\"@type\":\"WebSite\",\"@id\":\"https:\/\/topgardenblog.com\/#website\",\"url\":\"https:\/\/topgardenblog.com\/\",\"name\":\"Top Garden\",\"description\":\"\",\"potentialAction\":[{\"@type\":\"SearchAction\",\"target\":{\"@type\":\"EntryPoint\",\"urlTemplate\":\"https:\/\/topgardenblog.com\/?s={search_term_string}\"},\"query-input\":\"required name=search_term_string\"}],\"inLanguage\":\"ru-RU\"}]}<\/script>\n<!-- \/ Yoast SEO plugin. -->","yoast_head_json":{"title":"Sobre N\u00f3s - Top Garden","robots":{"index":"index","follow":"follow","max-snippet":"max-snippet:-1","max-image-preview":"max-image-preview:large","max-video-preview":"max-video-preview:-1"},"canonical":"https:\/\/topgardenblog.com\/ru\/sobre-nos\/","og_locale":"ru_RU","og_type":"article","og_title":"Sobre N\u00f3s - Top Garden","og_description":"Bem-vindo ao Top Garden Blog, o seu portal confi\u00e1vel para explorar o vasto universo da tecnologia e inova\u00e7\u00e3o. Desde a nossa funda\u00e7\u00e3o, temos nos dedicado","og_url":"https:\/\/topgardenblog.com\/ru\/sobre-nos\/","og_site_name":"Top Garden","twitter_card":"summary_large_image","twitter_misc":{"\u041f\u0440\u0438\u043c\u0435\u0440\u043d\u043e\u0435 \u0432\u0440\u0435\u043c\u044f \u0434\u043b\u044f \u0447\u0442\u0435\u043d\u0438\u044f":"2 \u043c\u0438\u043d\u0443\u0442\u044b"},"schema":{"@context":"https:\/\/schema.org","@graph":[{"@type":"WebPage","@id":"https:\/\/topgardenblog.com\/sobre-nos\/","url":"https:\/\/topgardenblog.com\/sobre-nos\/","name":"Sobre N\u00f3s - Top Garden","isPartOf":{"@id":"https:\/\/topgardenblog.com\/#website"},"datePublished":"2021-10-11T04:10:45+00:00","dateModified":"2021-10-11T04:10:45+00:00","breadcrumb":{"@id":"https:\/\/topgardenblog.com\/sobre-nos\/#breadcrumb"},"inLanguage":"ru-RU","potentialAction":[{"@type":"ReadAction","target":["https:\/\/topgardenblog.com\/sobre-nos\/"]}]},{"@type":"BreadcrumbList","@id":"https:\/\/topgardenblog.com\/sobre-nos\/#breadcrumb","itemListElement":[{"@type":"ListItem","position":1,"name":"In\u00edcio","item":"https:\/\/topgardenblog.com\/"},{"@type":"ListItem","position":2,"name":"Sobre N\u00f3s"}]},{"@type":"WebSite","@id":"https:\/\/topgardenblog.com\/#website","url":"https:\/\/topgardenblog.com\/","name":"Top Garden","description":"","potentialAction":[{"@type":"SearchAction","target":{"@type":"EntryPoint","urlTemplate":"https:\/\/topgardenblog.com\/?s={search_term_string}"},"query-input":"required name=search_term_string"}],"inLanguage":"ru-RU"}]}},"_links":{"self":[{"href":"https:\/\/topgardenblog.com\/ru\/wp-json\/wp\/v2\/pages\/2158","targetHints":{"allow":["GET"]}}],"collection":[{"href":"https:\/\/topgardenblog.com\/ru\/wp-json\/wp\/v2\/pages"}],"about":[{"href":"https:\/\/topgardenblog.com\/ru\/wp-json\/wp\/v2\/types\/page"}],"author":[{"embeddable":true,"href":"https:\/\/topgardenblog.com\/ru\/wp-json\/wp\/v2\/users\/7"}],"replies":[{"embeddable":true,"href":"https:\/\/topgardenblog.com\/ru\/wp-json\/wp\/v2\/comments?post=2158"}],"version-history":[{"count":0,"href":"https:\/\/topgardenblog.com\/ru\/wp-json\/wp\/v2\/pages\/2158\/revisions"}],"wp:attachment":[{"href":"https:\/\/topgardenblog.com\/ru\/wp-json\/wp\/v2\/media?parent=2158"}],"curies":[{"name":"wp","href":"https:\/\/api.w.org\/{rel}","templated":true}]}}