{"id":2132,"date":"2021-10-11T04:05:21","date_gmt":"2021-10-11T07:05:21","guid":{"rendered":"https:\/\/topgardenblog.com\/?page_id=2132"},"modified":"2021-10-11T04:05:21","modified_gmt":"2021-10-11T07:05:21","slug":"politica-de-privacidade","status":"publish","type":"page","link":"https:\/\/topgardenblog.com\/pt_pt\/politica-de-privacidade\/","title":{"rendered":"Pol\u00edtica de Privacidade"},"content":{"rendered":"<p>Esta declara\u00e7\u00e3o rege nossas pol\u00edticas de privacidade com respeito aos usu\u00e1rios do Site (&#8220;Visitantes&#8221;) que visitam sem efetuar transa\u00e7\u00f5es comerciais e aos Visitantes que se registram para efetuar transa\u00e7\u00f5es comerciais no Site e fazem uso dos v\u00e1rios servi\u00e7os oferecidos por (coletivamente, &#8220;Servi\u00e7os&#8221;) (&#8220;Clientes Autorizados&#8221;).<\/p>\n\n\n\n<p>&#8220;Informa\u00e7\u00f5es Pessoais Identific\u00e1veis&#8221;.<\/p>\n\n\n\n<p>refere-se a qualquer informa\u00e7\u00e3o que identifique ou possa ser usada para identificar, contatar ou localizar a pessoa a quem tais informa\u00e7\u00f5es pertencem, incluindo, mas n\u00e3o limitado a, nome, endere\u00e7o, n\u00famero de telefone, n\u00famero de fax, endere\u00e7o de e-mail, perfis financeiros, n\u00famero do seguro social e informa\u00e7\u00f5es de cart\u00e3o de cr\u00e9dito. Informa\u00e7\u00f5es de identifica\u00e7\u00e3o pessoal n\u00e3o incluem informa\u00e7\u00f5es que s\u00e3o coletadas anonimamente (isto \u00e9, sem identifica\u00e7\u00e3o do usu\u00e1rio individual) ou informa\u00e7\u00f5es demogr\u00e1ficas n\u00e3o conectadas a um indiv\u00edduo identificado.<\/p>\n\n\n\n<h2 class=\"wp-block-heading\">Que Informa\u00e7\u00f5es Pessoais Identific\u00e1veis s\u00e3o coletadas?<\/h2>\n\n\n\n<p>Podemos coletar informa\u00e7\u00f5es b\u00e1sicas do perfil do usu\u00e1rio de todos os nossos Visitantes. Coletamos as seguintes informa\u00e7\u00f5es adicionais de nossos Clientes Autorizados: os nomes, endere\u00e7os, n\u00fameros de telefone e endere\u00e7os de e-mail dos Clientes Autorizados, a natureza e tamanho do neg\u00f3cio, e a natureza e tamanho do invent\u00e1rio publicit\u00e1rio que o Cliente Autorizado pretende comprar ou vender.<\/p>\n\n\n\n<h2 class=\"wp-block-heading\">Quais organiza\u00e7\u00f5es est\u00e3o coletando as informa\u00e7\u00f5es?<\/h2>\n\n\n\n<p>Al\u00e9m de nossa coleta direta de informa\u00e7\u00f5es, nossos fornecedores de servi\u00e7os terceirizados (tais como empresas de cart\u00e3o de cr\u00e9dito, c\u00e2maras de compensa\u00e7\u00e3o e bancos) que podem fornecer servi\u00e7os como cr\u00e9dito, seguros e servi\u00e7os de cau\u00e7\u00e3o podem coletar essas informa\u00e7\u00f5es de nossos Visitantes e Clientes Autorizados. N\u00e3o controlamos como esses terceiros utilizam tais informa\u00e7\u00f5es, mas pedimos a eles que revelem como utilizam as informa\u00e7\u00f5es pessoais fornecidas a eles pelos Visitantes e Clientes Autorizados. Alguns desses terceiros podem ser intermedi\u00e1rios que atuam apenas como elos da cadeia de distribui\u00e7\u00e3o e n\u00e3o armazenam, ret\u00eam ou utilizam as informa\u00e7\u00f5es fornecidas a eles.<\/p>\n\n\n\n<h2 class=\"wp-block-heading\">Como o Site utiliza as Informa\u00e7\u00f5es Pessoais Identific\u00e1veis?<\/h2>\n\n\n\n<p>Utilizamos Informa\u00e7\u00f5es de Identifica\u00e7\u00e3o Pessoal para personalizar o Site, para fazer ofertas de servi\u00e7os apropriadas e para atender pedidos de compra e venda no Site. Podemos enviar e-mails aos Visitantes e Clientes Autorizados sobre pesquisas ou oportunidades de compra e venda no Site ou informa\u00e7\u00f5es relacionadas com o assunto do Site. Tamb\u00e9m podemos usar Informa\u00e7\u00f5es Pessoais Identific\u00e1veis para contatar Visitantes e Clientes Autorizados em resposta a perguntas espec\u00edficas, ou para fornecer informa\u00e7\u00f5es solicitadas.<\/p>\n\n\n\n<h2 class=\"wp-block-heading\">Com quem as informa\u00e7\u00f5es podem ser compartilhadas?<\/h2>\n\n\n\n<p>As Informa\u00e7\u00f5es Pessoais Identific\u00e1veis sobre Clientes Autorizados podem ser compartilhadas com outros Clientes Autorizados que desejem avaliar transa\u00e7\u00f5es potenciais com outros Clientes Autorizados. Podemos compartilhar informa\u00e7\u00f5es agregadas sobre nossos Visitantes, incluindo a demografia de nossos Visitantes e Clientes Autorizados, com nossas ag\u00eancias afiliadas e fornecedores terceirizados. Tamb\u00e9m oferecemos a oportunidade de &#8220;optar por n\u00e3o receber informa\u00e7\u00f5es ou ser contatado por n\u00f3s ou por qualquer ag\u00eancia agindo em nosso nome.<\/p>\n\n\n\n<h2 class=\"wp-block-heading\">Como as Informa\u00e7\u00f5es Pessoais Identific\u00e1veis s\u00e3o armazenadas?<\/h2>\n\n\n\n<p>As Informa\u00e7\u00f5es Pessoais Identific\u00e1veis coletadas s\u00e3o armazenadas de forma segura e n\u00e3o s\u00e3o acess\u00edveis a terceiros ou funcion\u00e1rios, exceto para uso conforme indicado acima.<\/p>\n\n\n\n<h2 class=\"wp-block-heading\">Que op\u00e7\u00f5es est\u00e3o dispon\u00edveis aos Visitantes quanto \u00e0 coleta, uso e distribui\u00e7\u00e3o das informa\u00e7\u00f5es?<\/h2>\n\n\n\n<p>Visitantes e Clientes Autorizados podem optar por n\u00e3o receber informa\u00e7\u00f5es n\u00e3o solicitadas ou ser contatados por n\u00f3s e\/ou nossos fornecedores e ag\u00eancias afiliadas, respondendo a e-mails conforme instru\u00eddo, ou entrando em contato conosco em<\/p>\n\n\n\n<h2 class=\"wp-block-heading\">Os cookies s\u00e3o usados no site?<\/h2>\n\n\n\n<p>Os cookies s\u00e3o utilizados por uma variedade de raz\u00f5es. Utilizamos cookies para obter informa\u00e7\u00f5es sobre as prefer\u00eancias de nossos Visitantes e os servi\u00e7os que eles selecionam. Tamb\u00e9m usamos Cookies para fins de seguran\u00e7a para proteger nossos Clientes Autorizados. Por exemplo, se um Cliente Autorizado estiver logado e o site n\u00e3o for utilizado por mais de 10 minutos, n\u00f3s automaticamente faremos o log off do Cliente Autorizado.<\/p>\n\n\n\n<h2 class=\"wp-block-heading\">Como utilizar as informa\u00e7\u00f5es de login?<\/h2>\n\n\n\n<p>utiliza as informa\u00e7\u00f5es de login, incluindo, mas n\u00e3o limitado a, endere\u00e7os IP, ISPs e tipos de navegador, para analisar tend\u00eancias, administrar o Site, rastrear o movimento e uso de um usu\u00e1rio e reunir amplas informa\u00e7\u00f5es demogr\u00e1ficas.<\/p>\n\n\n\n<h2 class=\"wp-block-heading\">Que parceiros ou provedores de servi\u00e7os t\u00eam acesso \u00e0s informa\u00e7\u00f5es de identifica\u00e7\u00e3o pessoal dos visitantes e\/ou clientes autorizados no Site?<\/h2>\n\n\n\n<p>Tais fornecedores podem ter acesso a certas Informa\u00e7\u00f5es Pessoais Identific\u00e1veis com base na necessidade de saber para avaliar a elegibilidade de servi\u00e7os de Clientes Autorizados. Nossa pol\u00edtica de privacidade n\u00e3o cobre sua coleta ou uso dessas informa\u00e7\u00f5es. Divulga\u00e7\u00e3o de Informa\u00e7\u00f5es Pessoais Identific\u00e1veis para cumprir com a lei. Divulgaremos Informa\u00e7\u00f5es Pessoais Identific\u00e1veis a fim de cumprir com uma ordem ou intima\u00e7\u00e3o judicial ou uma solicita\u00e7\u00e3o de uma ag\u00eancia de aplica\u00e7\u00e3o da lei para divulgar informa\u00e7\u00f5es. Tamb\u00e9m divulgaremos Informa\u00e7\u00f5es de Identifica\u00e7\u00e3o Pessoal quando razoavelmente necess\u00e1rio para proteger a seguran\u00e7a de nossos Visitantes e Clientes Autorizados.<\/p>\n\n\n\n<h2 class=\"wp-block-heading\">Como o Site mant\u00e9m as Informa\u00e7\u00f5es Pessoais Identific\u00e1veis seguras?<\/h2>\n\n\n\n<p>Todos os nossos funcion\u00e1rios est\u00e3o familiarizados com nossa pol\u00edtica e pr\u00e1ticas de seguran\u00e7a. As Informa\u00e7\u00f5es Pessoais Identific\u00e1veis de nossos Visitantes e Clientes Autorizados s\u00f3 s\u00e3o acess\u00edveis a um n\u00famero limitado de funcion\u00e1rios qualificados que recebem uma senha a fim de ter acesso \u00e0s informa\u00e7\u00f5es. Auditamos nossos sistemas e processos de seguran\u00e7a regularmente. Informa\u00e7\u00f5es sens\u00edveis, tais como n\u00fameros de cart\u00e3o de cr\u00e9dito ou de seguran\u00e7a social, s\u00e3o protegidas por protocolos de criptografia, em vigor para proteger as informa\u00e7\u00f5es enviadas pela Internet. Embora tomemos medidas comercialmente razo\u00e1veis para manter um site seguro, as comunica\u00e7\u00f5es eletr\u00f4nicas e bancos de dados est\u00e3o sujeitos a erros, adultera\u00e7\u00f5es e invas\u00f5es, e n\u00e3o podemos garantir ou garantir que tais eventos n\u00e3o ocorrer\u00e3o e n\u00e3o seremos respons\u00e1veis perante Visitantes ou Clientes Autorizados por tais ocorr\u00eancias.<\/p>\n\n\n\n<h2 class=\"wp-block-heading\">Como os Visitantes podem corrigir qualquer imprecis\u00e3o nas Informa\u00e7\u00f5es Pessoais Identific\u00e1veis?<\/h2>\n\n\n\n<p>Visitantes e Clientes Autorizados podem entrar em contato conosco para atualizar Informa\u00e7\u00f5es Pessoais Identific\u00e1veis sobre eles ou para corrigir qualquer imprecis\u00e3o, enviando-nos um e-mail para<\/p>\n\n\n\n<h2 class=\"wp-block-heading\">Um Visitante pode excluir ou desativar as Informa\u00e7\u00f5es Pessoais Identific\u00e1veis coletadas pelo Site?<\/h2>\n\n\n\n<p>Fornecemos aos Visitantes e Clientes Autorizados um mecanismo para apagar\/desativar Informa\u00e7\u00f5es Pessoais Identific\u00e1veis do banco de dados do Site, entrando em contato com . Entretanto, devido aos backups e registros de apagamentos, pode ser imposs\u00edvel apagar a entrada de um Visitante sem reter algumas informa\u00e7\u00f5es residuais. Uma pessoa que solicitar a desativa\u00e7\u00e3o de Informa\u00e7\u00f5es Pessoais Identific\u00e1veis ter\u00e1 essas informa\u00e7\u00f5es eliminadas funcionalmente, e n\u00e3o venderemos, transferiremos ou usaremos Informa\u00e7\u00f5es Pessoais Identific\u00e1veis relativas a essa pessoa de nenhuma forma para avan\u00e7ar.<\/p>\n\n\n\n<h2 class=\"wp-block-heading\">O que acontece se a Pol\u00edtica de Privacidade mudar?<\/h2>\n\n\n\n<p>Informaremos nossos Visitantes e Clientes Autorizados sobre mudan\u00e7as em nossa pol\u00edtica de privacidade, publicando tais mudan\u00e7as no Site. Entretanto, se estivermos mudando nossa pol\u00edtica de privacidade de uma maneira que possa causar a divulga\u00e7\u00e3o de Informa\u00e7\u00f5es Pessoais Identific\u00e1veis que um Visitante ou Cliente Autorizado tenha previamente solicitado n\u00e3o serem divulgadas, entraremos em contato com tal Visitante ou Cliente Autorizado para permitir que tal Visitante ou Cliente Autorizado impe\u00e7a tal divulga\u00e7\u00e3o.<\/p>\n\n\n\n<p>Links:<\/p>\n\n\n\n<p>cont\u00e9m links para outros sites da Web. Observe que ao clicar em um desses links, voc\u00ea estar\u00e1 se mudando para outro site da Web. N\u00f3s o encorajamos a ler as declara\u00e7\u00f5es de privacidade desses sites vinculados, pois suas pol\u00edticas de privacidade podem diferir das nossas.<\/p>","protected":false},"excerpt":{"rendered":"<p>Esta declara\u00e7\u00e3o rege nossas pol\u00edticas de privacidade com respeito aos usu\u00e1rios do Site (&#8220;Visitantes&#8221;) que visitam sem efetuar transa\u00e7\u00f5es comerciais e aos Visitantes que se<\/p>","protected":false},"author":7,"featured_media":0,"parent":0,"menu_order":0,"comment_status":"closed","ping_status":"closed","template":"","meta":{"_acf_changed":false,"footnotes":""},"class_list":{"0":"post-2132","1":"page","2":"type-page","3":"status-publish","5":"infinite-scroll-item"},"acf":[],"yoast_head":"<!-- This site is optimized with the Yoast SEO plugin v22.6 - https:\/\/yoast.com\/wordpress\/plugins\/seo\/ -->\n<title>Pol\u00edtica de Privacidade - Top Garden<\/title>\n<meta name=\"robots\" content=\"index, follow, max-snippet:-1, max-image-preview:large, max-video-preview:-1\" \/>\n<link rel=\"canonical\" href=\"https:\/\/topgardenblog.com\/pt_pt\/politica-de-privacidade\/\" \/>\n<meta property=\"og:locale\" content=\"pt_PT\" \/>\n<meta property=\"og:type\" content=\"article\" \/>\n<meta property=\"og:title\" content=\"Pol\u00edtica de Privacidade - Top Garden\" \/>\n<meta property=\"og:description\" content=\"Esta declara\u00e7\u00e3o rege nossas pol\u00edticas de privacidade com respeito aos usu\u00e1rios do Site (&#8220;Visitantes&#8221;) que visitam sem efetuar transa\u00e7\u00f5es comerciais e aos Visitantes que se\" \/>\n<meta property=\"og:url\" content=\"https:\/\/topgardenblog.com\/pt_pt\/politica-de-privacidade\/\" \/>\n<meta property=\"og:site_name\" content=\"Top Garden\" \/>\n<meta name=\"twitter:card\" content=\"summary_large_image\" \/>\n<meta name=\"twitter:label1\" content=\"Tempo estimado de leitura\" \/>\n\t<meta name=\"twitter:data1\" content=\"6 minutos\" \/>\n<script type=\"application\/ld+json\" class=\"yoast-schema-graph\">{\"@context\":\"https:\/\/schema.org\",\"@graph\":[{\"@type\":\"WebPage\",\"@id\":\"https:\/\/topgardenblog.com\/politica-de-privacidade\/\",\"url\":\"https:\/\/topgardenblog.com\/politica-de-privacidade\/\",\"name\":\"Pol\u00edtica de Privacidade - Top Garden\",\"isPartOf\":{\"@id\":\"https:\/\/topgardenblog.com\/#website\"},\"datePublished\":\"2021-10-11T07:05:21+00:00\",\"dateModified\":\"2021-10-11T07:05:21+00:00\",\"breadcrumb\":{\"@id\":\"https:\/\/topgardenblog.com\/politica-de-privacidade\/#breadcrumb\"},\"inLanguage\":\"pt-PT\",\"potentialAction\":[{\"@type\":\"ReadAction\",\"target\":[\"https:\/\/topgardenblog.com\/politica-de-privacidade\/\"]}]},{\"@type\":\"BreadcrumbList\",\"@id\":\"https:\/\/topgardenblog.com\/politica-de-privacidade\/#breadcrumb\",\"itemListElement\":[{\"@type\":\"ListItem\",\"position\":1,\"name\":\"In\u00edcio\",\"item\":\"https:\/\/topgardenblog.com\/\"},{\"@type\":\"ListItem\",\"position\":2,\"name\":\"Pol\u00edtica de Privacidade\"}]},{\"@type\":\"WebSite\",\"@id\":\"https:\/\/topgardenblog.com\/#website\",\"url\":\"https:\/\/topgardenblog.com\/\",\"name\":\"Top Garden\",\"description\":\"\",\"potentialAction\":[{\"@type\":\"SearchAction\",\"target\":{\"@type\":\"EntryPoint\",\"urlTemplate\":\"https:\/\/topgardenblog.com\/?s={search_term_string}\"},\"query-input\":\"required name=search_term_string\"}],\"inLanguage\":\"pt-PT\"}]}<\/script>\n<!-- \/ Yoast SEO plugin. -->","yoast_head_json":{"title":"Pol\u00edtica de Privacidade - Top Garden","robots":{"index":"index","follow":"follow","max-snippet":"max-snippet:-1","max-image-preview":"max-image-preview:large","max-video-preview":"max-video-preview:-1"},"canonical":"https:\/\/topgardenblog.com\/pt_pt\/politica-de-privacidade\/","og_locale":"pt_PT","og_type":"article","og_title":"Pol\u00edtica de Privacidade - Top Garden","og_description":"Esta declara\u00e7\u00e3o rege nossas pol\u00edticas de privacidade com respeito aos usu\u00e1rios do Site (&#8220;Visitantes&#8221;) que visitam sem efetuar transa\u00e7\u00f5es comerciais e aos Visitantes que se","og_url":"https:\/\/topgardenblog.com\/pt_pt\/politica-de-privacidade\/","og_site_name":"Top Garden","twitter_card":"summary_large_image","twitter_misc":{"Tempo estimado de leitura":"6 minutos"},"schema":{"@context":"https:\/\/schema.org","@graph":[{"@type":"WebPage","@id":"https:\/\/topgardenblog.com\/politica-de-privacidade\/","url":"https:\/\/topgardenblog.com\/politica-de-privacidade\/","name":"Pol\u00edtica de Privacidade - Top Garden","isPartOf":{"@id":"https:\/\/topgardenblog.com\/#website"},"datePublished":"2021-10-11T07:05:21+00:00","dateModified":"2021-10-11T07:05:21+00:00","breadcrumb":{"@id":"https:\/\/topgardenblog.com\/politica-de-privacidade\/#breadcrumb"},"inLanguage":"pt-PT","potentialAction":[{"@type":"ReadAction","target":["https:\/\/topgardenblog.com\/politica-de-privacidade\/"]}]},{"@type":"BreadcrumbList","@id":"https:\/\/topgardenblog.com\/politica-de-privacidade\/#breadcrumb","itemListElement":[{"@type":"ListItem","position":1,"name":"In\u00edcio","item":"https:\/\/topgardenblog.com\/"},{"@type":"ListItem","position":2,"name":"Pol\u00edtica de Privacidade"}]},{"@type":"WebSite","@id":"https:\/\/topgardenblog.com\/#website","url":"https:\/\/topgardenblog.com\/","name":"Top Garden","description":"","potentialAction":[{"@type":"SearchAction","target":{"@type":"EntryPoint","urlTemplate":"https:\/\/topgardenblog.com\/?s={search_term_string}"},"query-input":"required name=search_term_string"}],"inLanguage":"pt-PT"}]}},"_links":{"self":[{"href":"https:\/\/topgardenblog.com\/pt_pt\/wp-json\/wp\/v2\/pages\/2132","targetHints":{"allow":["GET"]}}],"collection":[{"href":"https:\/\/topgardenblog.com\/pt_pt\/wp-json\/wp\/v2\/pages"}],"about":[{"href":"https:\/\/topgardenblog.com\/pt_pt\/wp-json\/wp\/v2\/types\/page"}],"author":[{"embeddable":true,"href":"https:\/\/topgardenblog.com\/pt_pt\/wp-json\/wp\/v2\/users\/7"}],"replies":[{"embeddable":true,"href":"https:\/\/topgardenblog.com\/pt_pt\/wp-json\/wp\/v2\/comments?post=2132"}],"version-history":[{"count":0,"href":"https:\/\/topgardenblog.com\/pt_pt\/wp-json\/wp\/v2\/pages\/2132\/revisions"}],"wp:attachment":[{"href":"https:\/\/topgardenblog.com\/pt_pt\/wp-json\/wp\/v2\/media?parent=2132"}],"curies":[{"name":"wp","href":"https:\/\/api.w.org\/{rel}","templated":true}]}}