{"id":9711,"date":"2022-12-22T09:12:02","date_gmt":"2022-12-22T09:12:02","guid":{"rendered":"https:\/\/topgardenblog.com\/?page_id=9711"},"modified":"2022-12-22T09:12:02","modified_gmt":"2022-12-22T09:12:02","slug":"politica-de-cookies","status":"publish","type":"page","link":"https:\/\/topgardenblog.com\/it\/politica-de-cookies\/","title":{"rendered":"Politica sui cookie"},"content":{"rendered":"<p>Ci impegniamo a proteggere la tua privacy online. Quali informazioni raccogliamo? Raccogliamo informazioni da te quando visiti il nostro sito web. Quando invii o ti registri sul nostro sito, ti potrebbe essere chiesto di inserire il tuo: nome o indirizzo email. \u00c8 tuttavia possibile visitare il nostro sito Web in modo anonimo. Per cosa utilizziamo le tue informazioni? Tutte le informazioni che raccogliamo da te possono essere utilizzate in uno dei seguenti modi: Per migliorare il nostro sito web Per migliorare il servizio clienti Come proteggiamo le tue informazioni? Implementiamo una serie di misure di sicurezza per mantenere la sicurezza delle tue informazioni personali quando effettui un ordine o inserisci, invii o accedi alle tue informazioni personali. Cookie I cookie sono piccoli file che un sito o il suo fornitore di servizi trasferisce sul disco rigido del tuo computer tramite il browser (se lo consenti) che consente ai siti o ai sistemi del fornitore di servizi di riconoscere il tuo browser, catturarlo e ricordarlo. comprendere e salvare le tue preferenze per le visite future. Solo la presente Informativa sulla privacy online La presente Informativa sulla privacy online si applica solo alle informazioni raccolte attraverso il nostro sito Web e non alle informazioni raccolte offline. Modifiche alla nostra politica sulla privacy Se decidiamo di modificare la nostra politica sulla privacy, pubblicheremo tali modifiche su questa pagina. Se hai domande o suggerimenti riguardanti la nostra Informativa sulla privacy, contattaci e ti risponderemo a breve.<\/p>\n\n\n\n<h2 class=\"wp-block-heading\">INFORMAZIONI SUI CONTATTI<\/h2>\n\n\n\n<p>Indirizzo di corrispondenza: Rua das ac\u00e1cias, Sumar\u00e9, SP, Brasile<br>Telefono: +55929996-5008<\/p>\n\n\n\n<p>E-mail di contatto: contato@topgardenblog.com<\/p>\n\n\n\n<p>&nbsp;<\/p>","protected":false},"excerpt":{"rendered":"<p>Ci impegniamo a proteggere la tua privacy online. Quali informazioni raccogliamo? Raccogliamo informazioni da te quando visiti il nostro sito web. Inviando o registrandoti sul nostro sito web,<\/p>","protected":false},"author":7,"featured_media":0,"parent":0,"menu_order":0,"comment_status":"closed","ping_status":"closed","template":"","meta":{"_acf_changed":false,"footnotes":""},"class_list":{"0":"post-9711","1":"page","2":"type-page","3":"status-publish","5":"infinite-scroll-item"},"acf":[],"yoast_head":"<!-- This site is optimized with the Yoast SEO plugin v22.6 - https:\/\/yoast.com\/wordpress\/plugins\/seo\/ -->\n<title>Pol\u00edtica de Cookies - Top Garden<\/title>\n<meta name=\"robots\" content=\"index, follow, max-snippet:-1, max-image-preview:large, max-video-preview:-1\" \/>\n<link rel=\"canonical\" href=\"https:\/\/topgardenblog.com\/it\/politica-de-cookies\/\" \/>\n<meta property=\"og:locale\" content=\"it_IT\" \/>\n<meta property=\"og:type\" content=\"article\" \/>\n<meta property=\"og:title\" content=\"Pol\u00edtica de Cookies - Top Garden\" \/>\n<meta property=\"og:description\" content=\"Est\u00e1 empenhada em proteger sua privacidade on-line. Que informa\u00e7\u00f5es coletamos? Coletamos informa\u00e7\u00f5es de voc\u00ea quando visita nosso site. Ao enviar ou registrar-se em nosso site,\" \/>\n<meta property=\"og:url\" content=\"https:\/\/topgardenblog.com\/it\/politica-de-cookies\/\" \/>\n<meta property=\"og:site_name\" content=\"Top Garden\" \/>\n<meta name=\"twitter:card\" content=\"summary_large_image\" \/>\n<meta name=\"twitter:label1\" content=\"Tempo di lettura stimato\" \/>\n\t<meta name=\"twitter:data1\" content=\"2 minuti\" \/>\n<script type=\"application\/ld+json\" class=\"yoast-schema-graph\">{\"@context\":\"https:\/\/schema.org\",\"@graph\":[{\"@type\":\"WebPage\",\"@id\":\"https:\/\/topgardenblog.com\/politica-de-cookies\/\",\"url\":\"https:\/\/topgardenblog.com\/politica-de-cookies\/\",\"name\":\"Pol\u00edtica de Cookies - Top Garden\",\"isPartOf\":{\"@id\":\"https:\/\/topgardenblog.com\/#website\"},\"datePublished\":\"2022-12-22T09:12:02+00:00\",\"dateModified\":\"2022-12-22T09:12:02+00:00\",\"breadcrumb\":{\"@id\":\"https:\/\/topgardenblog.com\/politica-de-cookies\/#breadcrumb\"},\"inLanguage\":\"it-IT\",\"potentialAction\":[{\"@type\":\"ReadAction\",\"target\":[\"https:\/\/topgardenblog.com\/politica-de-cookies\/\"]}]},{\"@type\":\"BreadcrumbList\",\"@id\":\"https:\/\/topgardenblog.com\/politica-de-cookies\/#breadcrumb\",\"itemListElement\":[{\"@type\":\"ListItem\",\"position\":1,\"name\":\"In\u00edcio\",\"item\":\"https:\/\/topgardenblog.com\/\"},{\"@type\":\"ListItem\",\"position\":2,\"name\":\"Pol\u00edtica de Cookies\"}]},{\"@type\":\"WebSite\",\"@id\":\"https:\/\/topgardenblog.com\/#website\",\"url\":\"https:\/\/topgardenblog.com\/\",\"name\":\"Top Garden\",\"description\":\"\",\"potentialAction\":[{\"@type\":\"SearchAction\",\"target\":{\"@type\":\"EntryPoint\",\"urlTemplate\":\"https:\/\/topgardenblog.com\/?s={search_term_string}\"},\"query-input\":\"required name=search_term_string\"}],\"inLanguage\":\"it-IT\"}]}<\/script>\n<!-- \/ Yoast SEO plugin. -->","yoast_head_json":{"title":"Pol\u00edtica de Cookies - Top Garden","robots":{"index":"index","follow":"follow","max-snippet":"max-snippet:-1","max-image-preview":"max-image-preview:large","max-video-preview":"max-video-preview:-1"},"canonical":"https:\/\/topgardenblog.com\/it\/politica-de-cookies\/","og_locale":"it_IT","og_type":"article","og_title":"Pol\u00edtica de Cookies - Top Garden","og_description":"Est\u00e1 empenhada em proteger sua privacidade on-line. Que informa\u00e7\u00f5es coletamos? Coletamos informa\u00e7\u00f5es de voc\u00ea quando visita nosso site. Ao enviar ou registrar-se em nosso site,","og_url":"https:\/\/topgardenblog.com\/it\/politica-de-cookies\/","og_site_name":"Top Garden","twitter_card":"summary_large_image","twitter_misc":{"Tempo di lettura stimato":"2 minuti"},"schema":{"@context":"https:\/\/schema.org","@graph":[{"@type":"WebPage","@id":"https:\/\/topgardenblog.com\/politica-de-cookies\/","url":"https:\/\/topgardenblog.com\/politica-de-cookies\/","name":"Pol\u00edtica de Cookies - Top Garden","isPartOf":{"@id":"https:\/\/topgardenblog.com\/#website"},"datePublished":"2022-12-22T09:12:02+00:00","dateModified":"2022-12-22T09:12:02+00:00","breadcrumb":{"@id":"https:\/\/topgardenblog.com\/politica-de-cookies\/#breadcrumb"},"inLanguage":"it-IT","potentialAction":[{"@type":"ReadAction","target":["https:\/\/topgardenblog.com\/politica-de-cookies\/"]}]},{"@type":"BreadcrumbList","@id":"https:\/\/topgardenblog.com\/politica-de-cookies\/#breadcrumb","itemListElement":[{"@type":"ListItem","position":1,"name":"In\u00edcio","item":"https:\/\/topgardenblog.com\/"},{"@type":"ListItem","position":2,"name":"Pol\u00edtica de Cookies"}]},{"@type":"WebSite","@id":"https:\/\/topgardenblog.com\/#website","url":"https:\/\/topgardenblog.com\/","name":"Top Garden","description":"","potentialAction":[{"@type":"SearchAction","target":{"@type":"EntryPoint","urlTemplate":"https:\/\/topgardenblog.com\/?s={search_term_string}"},"query-input":"required name=search_term_string"}],"inLanguage":"it-IT"}]}},"_links":{"self":[{"href":"https:\/\/topgardenblog.com\/it\/wp-json\/wp\/v2\/pages\/9711","targetHints":{"allow":["GET"]}}],"collection":[{"href":"https:\/\/topgardenblog.com\/it\/wp-json\/wp\/v2\/pages"}],"about":[{"href":"https:\/\/topgardenblog.com\/it\/wp-json\/wp\/v2\/types\/page"}],"author":[{"embeddable":true,"href":"https:\/\/topgardenblog.com\/it\/wp-json\/wp\/v2\/users\/7"}],"replies":[{"embeddable":true,"href":"https:\/\/topgardenblog.com\/it\/wp-json\/wp\/v2\/comments?post=9711"}],"version-history":[{"count":0,"href":"https:\/\/topgardenblog.com\/it\/wp-json\/wp\/v2\/pages\/9711\/revisions"}],"wp:attachment":[{"href":"https:\/\/topgardenblog.com\/it\/wp-json\/wp\/v2\/media?parent=9711"}],"curies":[{"name":"wp","href":"https:\/\/api.w.org\/{rel}","templated":true}]}}