{"id":9711,"date":"2022-12-22T09:12:02","date_gmt":"2022-12-22T09:12:02","guid":{"rendered":"https:\/\/topgardenblog.com\/?page_id=9711"},"modified":"2022-12-22T09:12:02","modified_gmt":"2022-12-22T09:12:02","slug":"politica-de-cookies","status":"publish","type":"page","link":"https:\/\/topgardenblog.com\/fr\/politica-de-cookies\/","title":{"rendered":"Politique de cookies"},"content":{"rendered":"<p>Nous nous engageons \u00e0 prot\u00e9ger votre vie priv\u00e9e en ligne. Quelles informations collectons-nous? Nous collectons des informations vous concernant lorsque vous visitez notre site Web. Lors de la soumission ou de l&#039;inscription sur notre site, il peut vous \u00eatre demand\u00e9 de saisir votre : nom ou adresse e-mail. Vous pouvez toutefois visiter notre site Web de mani\u00e8re anonyme. Pourquoi utilisons-nous vos informations ? Toutes les informations que nous collectons aupr\u00e8s de vous peuvent \u00eatre utilis\u00e9es de l&#039;une des mani\u00e8res suivantes : Pour am\u00e9liorer notre site Web Pour am\u00e9liorer le service client Comment prot\u00e9geons-nous vos informations ? Nous mettons en \u0153uvre diverses mesures de s\u00e9curit\u00e9 pour maintenir la s\u00e9curit\u00e9 de vos informations personnelles lorsque vous passez une commande ou saisissez, soumettez ou acc\u00e9dez \u00e0 vos informations personnelles. Cookies Les cookies sont de petits fichiers qu&#039;un site ou son fournisseur de services transf\u00e8re sur le disque dur de votre ordinateur via votre navigateur (si vous l&#039;autorisez) et qui permettent aux syst\u00e8mes du site ou du fournisseur de services de reconna\u00eetre votre navigateur, de capturer et de m\u00e9moriser certaines informations. Nous utilisons des cookies pour comprendre et enregistrer vos pr\u00e9f\u00e9rences pour de futures visites. Cette politique de confidentialit\u00e9 en ligne uniquement. Cette politique de confidentialit\u00e9 en ligne s&#039;applique uniquement aux informations collect\u00e9es via notre site Web et non aux informations collect\u00e9es hors ligne. Modifications de notre politique de confidentialit\u00e9 Si nous d\u00e9cidons de modifier notre politique de confidentialit\u00e9, nous publierons ces modifications sur cette page. Si vous avez des questions ou des suggestions concernant notre politique de confidentialit\u00e9, veuillez nous contacter et nous vous r\u00e9pondrons sous peu.<\/p>\n\n\n\n<h2 class=\"wp-block-heading\">COORDONN\u00c9ES<\/h2>\n\n\n\n<p>Adresse de correspondance : Rua das ac\u00e1cias, Sumar\u00e9, SP, Br\u00e9sil<br>T\u00e9l\u00e9phone\u00a0: +55929996-5008<\/p>\n\n\n\n<p>E-mail de contact\u00a0: contato@topgardenblog.com<\/p>\n\n\n\n<p>&nbsp;<\/p>","protected":false},"excerpt":{"rendered":"<p>Nous nous engageons \u00e0 prot\u00e9ger votre vie priv\u00e9e en ligne. Quelles informations collectons-nous? Nous collectons des informations vous concernant lorsque vous visitez notre site Web. En soumettant ou en vous inscrivant sur notre site Web,<\/p>","protected":false},"author":7,"featured_media":0,"parent":0,"menu_order":0,"comment_status":"closed","ping_status":"closed","template":"","meta":{"_acf_changed":false,"footnotes":""},"class_list":{"0":"post-9711","1":"page","2":"type-page","3":"status-publish","5":"infinite-scroll-item"},"acf":[],"yoast_head":"<!-- This site is optimized with the Yoast SEO plugin v22.6 - https:\/\/yoast.com\/wordpress\/plugins\/seo\/ -->\n<title>Pol\u00edtica de Cookies - Top Garden<\/title>\n<meta name=\"robots\" content=\"index, follow, max-snippet:-1, max-image-preview:large, max-video-preview:-1\" \/>\n<link rel=\"canonical\" href=\"https:\/\/topgardenblog.com\/fr\/politica-de-cookies\/\" \/>\n<meta property=\"og:locale\" content=\"fr_FR\" \/>\n<meta property=\"og:type\" content=\"article\" \/>\n<meta property=\"og:title\" content=\"Pol\u00edtica de Cookies - Top Garden\" \/>\n<meta property=\"og:description\" content=\"Est\u00e1 empenhada em proteger sua privacidade on-line. Que informa\u00e7\u00f5es coletamos? Coletamos informa\u00e7\u00f5es de voc\u00ea quando visita nosso site. Ao enviar ou registrar-se em nosso site,\" \/>\n<meta property=\"og:url\" content=\"https:\/\/topgardenblog.com\/fr\/politica-de-cookies\/\" \/>\n<meta property=\"og:site_name\" content=\"Top Garden\" \/>\n<meta name=\"twitter:card\" content=\"summary_large_image\" \/>\n<meta name=\"twitter:label1\" content=\"Dur\u00e9e de lecture estim\u00e9e\" \/>\n\t<meta name=\"twitter:data1\" content=\"2 minutes\" \/>\n<script type=\"application\/ld+json\" class=\"yoast-schema-graph\">{\"@context\":\"https:\/\/schema.org\",\"@graph\":[{\"@type\":\"WebPage\",\"@id\":\"https:\/\/topgardenblog.com\/politica-de-cookies\/\",\"url\":\"https:\/\/topgardenblog.com\/politica-de-cookies\/\",\"name\":\"Pol\u00edtica de Cookies - Top Garden\",\"isPartOf\":{\"@id\":\"https:\/\/topgardenblog.com\/#website\"},\"datePublished\":\"2022-12-22T09:12:02+00:00\",\"dateModified\":\"2022-12-22T09:12:02+00:00\",\"breadcrumb\":{\"@id\":\"https:\/\/topgardenblog.com\/politica-de-cookies\/#breadcrumb\"},\"inLanguage\":\"fr-FR\",\"potentialAction\":[{\"@type\":\"ReadAction\",\"target\":[\"https:\/\/topgardenblog.com\/politica-de-cookies\/\"]}]},{\"@type\":\"BreadcrumbList\",\"@id\":\"https:\/\/topgardenblog.com\/politica-de-cookies\/#breadcrumb\",\"itemListElement\":[{\"@type\":\"ListItem\",\"position\":1,\"name\":\"In\u00edcio\",\"item\":\"https:\/\/topgardenblog.com\/\"},{\"@type\":\"ListItem\",\"position\":2,\"name\":\"Pol\u00edtica de Cookies\"}]},{\"@type\":\"WebSite\",\"@id\":\"https:\/\/topgardenblog.com\/#website\",\"url\":\"https:\/\/topgardenblog.com\/\",\"name\":\"Top Garden\",\"description\":\"\",\"potentialAction\":[{\"@type\":\"SearchAction\",\"target\":{\"@type\":\"EntryPoint\",\"urlTemplate\":\"https:\/\/topgardenblog.com\/?s={search_term_string}\"},\"query-input\":\"required name=search_term_string\"}],\"inLanguage\":\"fr-FR\"}]}<\/script>\n<!-- \/ Yoast SEO plugin. -->","yoast_head_json":{"title":"Pol\u00edtica de Cookies - Top Garden","robots":{"index":"index","follow":"follow","max-snippet":"max-snippet:-1","max-image-preview":"max-image-preview:large","max-video-preview":"max-video-preview:-1"},"canonical":"https:\/\/topgardenblog.com\/fr\/politica-de-cookies\/","og_locale":"fr_FR","og_type":"article","og_title":"Pol\u00edtica de Cookies - Top Garden","og_description":"Est\u00e1 empenhada em proteger sua privacidade on-line. Que informa\u00e7\u00f5es coletamos? Coletamos informa\u00e7\u00f5es de voc\u00ea quando visita nosso site. Ao enviar ou registrar-se em nosso site,","og_url":"https:\/\/topgardenblog.com\/fr\/politica-de-cookies\/","og_site_name":"Top Garden","twitter_card":"summary_large_image","twitter_misc":{"Dur\u00e9e de lecture estim\u00e9e":"2 minutes"},"schema":{"@context":"https:\/\/schema.org","@graph":[{"@type":"WebPage","@id":"https:\/\/topgardenblog.com\/politica-de-cookies\/","url":"https:\/\/topgardenblog.com\/politica-de-cookies\/","name":"Pol\u00edtica de Cookies - Top Garden","isPartOf":{"@id":"https:\/\/topgardenblog.com\/#website"},"datePublished":"2022-12-22T09:12:02+00:00","dateModified":"2022-12-22T09:12:02+00:00","breadcrumb":{"@id":"https:\/\/topgardenblog.com\/politica-de-cookies\/#breadcrumb"},"inLanguage":"fr-FR","potentialAction":[{"@type":"ReadAction","target":["https:\/\/topgardenblog.com\/politica-de-cookies\/"]}]},{"@type":"BreadcrumbList","@id":"https:\/\/topgardenblog.com\/politica-de-cookies\/#breadcrumb","itemListElement":[{"@type":"ListItem","position":1,"name":"In\u00edcio","item":"https:\/\/topgardenblog.com\/"},{"@type":"ListItem","position":2,"name":"Pol\u00edtica de Cookies"}]},{"@type":"WebSite","@id":"https:\/\/topgardenblog.com\/#website","url":"https:\/\/topgardenblog.com\/","name":"Top Garden","description":"","potentialAction":[{"@type":"SearchAction","target":{"@type":"EntryPoint","urlTemplate":"https:\/\/topgardenblog.com\/?s={search_term_string}"},"query-input":"required name=search_term_string"}],"inLanguage":"fr-FR"}]}},"_links":{"self":[{"href":"https:\/\/topgardenblog.com\/fr\/wp-json\/wp\/v2\/pages\/9711","targetHints":{"allow":["GET"]}}],"collection":[{"href":"https:\/\/topgardenblog.com\/fr\/wp-json\/wp\/v2\/pages"}],"about":[{"href":"https:\/\/topgardenblog.com\/fr\/wp-json\/wp\/v2\/types\/page"}],"author":[{"embeddable":true,"href":"https:\/\/topgardenblog.com\/fr\/wp-json\/wp\/v2\/users\/7"}],"replies":[{"embeddable":true,"href":"https:\/\/topgardenblog.com\/fr\/wp-json\/wp\/v2\/comments?post=9711"}],"version-history":[{"count":0,"href":"https:\/\/topgardenblog.com\/fr\/wp-json\/wp\/v2\/pages\/9711\/revisions"}],"wp:attachment":[{"href":"https:\/\/topgardenblog.com\/fr\/wp-json\/wp\/v2\/media?parent=9711"}],"curies":[{"name":"wp","href":"https:\/\/api.w.org\/{rel}","templated":true}]}}