{"id":2132,"date":"2021-10-11T04:05:21","date_gmt":"2021-10-11T07:05:21","guid":{"rendered":"https:\/\/topgardenblog.com\/?page_id=2132"},"modified":"2021-10-11T04:05:21","modified_gmt":"2021-10-11T07:05:21","slug":"politica-de-privacidade","status":"publish","type":"page","link":"https:\/\/topgardenblog.com\/es_mx\/politica-de-privacidade\/","title":{"rendered":"Pol\u00edtica de privacidad"},"content":{"rendered":"<p>Esta declaraci\u00f3n rige nuestras pol\u00edticas de privacidad con respecto a aquellos usuarios del Sitio (&quot;Visitantes&quot;) que lo visitan sin realizar transacciones comerciales y los Visitantes que se registran para realizar transacciones comerciales en el Sitio y hacen uso de los diversos servicios ofrecidos por (colectivamente, &quot;Servicios&quot;) . ) (\u201cClientes Autorizados\u201d).<\/p>\n\n\n\n<p>&quot;Informaci\u00f3n de identificaci\u00f3n personal.&quot;<\/p>\n\n\n\n<p>se refiere a cualquier informaci\u00f3n que identifique o pueda usarse para identificar, contactar o localizar a la persona a quien pertenece dicha informaci\u00f3n, incluidos, entre otros, nombre, direcci\u00f3n, n\u00famero de tel\u00e9fono, n\u00famero de fax, direcci\u00f3n de correo electr\u00f3nico, perfiles financieros, seguridad social. n\u00famero e informaci\u00f3n de la tarjeta de cr\u00e9dito. La informaci\u00f3n de identificaci\u00f3n personal no incluye informaci\u00f3n recopilada de forma an\u00f3nima (es decir, sin identificaci\u00f3n del usuario individual) ni informaci\u00f3n demogr\u00e1fica no relacionada con un individuo identificado.<\/p>\n\n\n\n<h2 class=\"wp-block-heading\">\u00bfQu\u00e9 informaci\u00f3n de identificaci\u00f3n personal se recopila?<\/h2>\n\n\n\n<p>Podemos recopilar informaci\u00f3n b\u00e1sica del perfil de usuario de todos nuestros Visitantes. Recopilamos la siguiente informaci\u00f3n adicional de nuestros Clientes Autorizados: los nombres, direcciones, n\u00fameros de tel\u00e9fono y direcciones de correo electr\u00f3nico de los Clientes Autorizados, la naturaleza y tama\u00f1o del negocio, y la naturaleza y tama\u00f1o del inventario publicitario que el Cliente Autorizado pretende comprar o vender.<\/p>\n\n\n\n<h2 class=\"wp-block-heading\">\u00bfQu\u00e9 organizaciones est\u00e1n recopilando la informaci\u00f3n?<\/h2>\n\n\n\n<p>Adem\u00e1s de nuestra recopilaci\u00f3n directa de informaci\u00f3n, nuestros proveedores de servicios externos (como compa\u00f1\u00edas de tarjetas de cr\u00e9dito, c\u00e1maras de compensaci\u00f3n y bancos) que pueden proporcionar servicios tales como cr\u00e9dito, seguros y servicios de dep\u00f3sito en garant\u00eda pueden recopilar esta informaci\u00f3n de nuestros Visitantes y Clientes autorizados. No controlamos c\u00f3mo estos terceros usan dicha informaci\u00f3n, pero les pedimos que revelen c\u00f3mo usan la informaci\u00f3n personal que les proporcionan los Visitantes y Clientes Autorizados. Algunos de estos terceros pueden ser intermediarios que act\u00faan \u00fanicamente como eslabones de la cadena de distribuci\u00f3n y no almacenan, retienen ni utilizan la informaci\u00f3n que se les proporciona.<\/p>\n\n\n\n<h2 class=\"wp-block-heading\">\u00bfC\u00f3mo utiliza el Sitio la informaci\u00f3n de identificaci\u00f3n personal?<\/h2>\n\n\n\n<p>Utilizamos informaci\u00f3n de identificaci\u00f3n personal para personalizar el Sitio, realizar ofertas de servicios adecuadas y cumplir con las solicitudes de compra y venta en el Sitio. Podemos enviar correos electr\u00f3nicos a Visitantes y Clientes autorizados sobre investigaciones o oportunidades de compra y venta en el Sitio o informaci\u00f3n relacionada con el tema del Sitio. Tambi\u00e9n podemos utilizar informaci\u00f3n de identificaci\u00f3n personal para comunicarnos con visitantes y clientes autorizados en respuesta a consultas espec\u00edficas o para proporcionar la informaci\u00f3n solicitada.<\/p>\n\n\n\n<h2 class=\"wp-block-heading\">\u00bfCon los que la informaci\u00f3n puede ser compartida?<\/h2>\n\n\n\n<p>La informaci\u00f3n de identificaci\u00f3n personal sobre Clientes autorizados puede compartirse con otros Clientes autorizados que deseen evaluar posibles transacciones con otros Clientes autorizados. Podemos compartir informaci\u00f3n agregada sobre nuestros Visitantes, incluidos los datos demogr\u00e1ficos de nuestros Visitantes y Clientes autorizados, con nuestras agencias afiliadas y proveedores externos. Tambi\u00e9n ofrecemos la oportunidad de \u201coptar por no recibir informaci\u00f3n o ser contactado por nosotros o cualquier agencia que act\u00fae en nuestro nombre.<\/p>\n\n\n\n<h2 class=\"wp-block-heading\">\u00bfC\u00f3mo se almacena la informaci\u00f3n de identificaci\u00f3n personal?<\/h2>\n\n\n\n<p>La informaci\u00f3n de identificaci\u00f3n personal recopilada se almacena de forma segura y no es accesible para terceros o empleados, excepto para el uso indicado anteriormente.<\/p>\n\n\n\n<h2 class=\"wp-block-heading\">\u00bfQu\u00e9 opciones est\u00e1n disponibles para los visitantes con respecto a la recopilaci\u00f3n, el uso y la distribuci\u00f3n de informaci\u00f3n?<\/h2>\n\n\n\n<p>Los visitantes y clientes autorizados pueden optar por no recibir informaci\u00f3n no solicitada o ser contactados por nosotros y\/o nuestros proveedores y agencias afiliadas respondiendo a los correos electr\u00f3nicos seg\u00fan las instrucciones o contact\u00e1ndonos en<\/p>\n\n\n\n<h2 class=\"wp-block-heading\">\u00bfSe utilizan cookies en el sitio web?<\/h2>\n\n\n\n<p>Las cookies se utilizan por diversos motivos. Utilizamos cookies para obtener informaci\u00f3n sobre las preferencias de nuestros Visitantes y los servicios que seleccionan. Tambi\u00e9n utilizamos cookies con fines de seguridad para proteger a nuestros Clientes autorizados. Por ejemplo, si un Cliente autorizado inicia sesi\u00f3n y el sitio no se utiliza durante m\u00e1s de 10 minutos, cerraremos autom\u00e1ticamente la sesi\u00f3n del Cliente autorizado.<\/p>\n\n\n\n<h2 class=\"wp-block-heading\">\u00bfC\u00f3mo utilizar la informaci\u00f3n de inicio de sesi\u00f3n?<\/h2>\n\n\n\n<p>utiliza informaci\u00f3n de inicio de sesi\u00f3n, incluidas, entre otras, direcciones IP, ISP y tipos de navegador, para analizar tendencias, administrar el Sitio, rastrear el movimiento y el uso de un usuario y recopilar informaci\u00f3n demogr\u00e1fica amplia.<\/p>\n\n\n\n<h2 class=\"wp-block-heading\">\u00bfQu\u00e9 socios o proveedores de servicios tienen acceso a informaci\u00f3n de identificaci\u00f3n personal de visitantes y\/o clientes autorizados en el Sitio?<\/h2>\n\n\n\n<p>Dichos proveedores pueden tener acceso a cierta informaci\u00f3n de identificaci\u00f3n personal seg\u00fan sea necesario para evaluar la elegibilidad del servicio de los Clientes autorizados. Nuestra pol\u00edtica de privacidad no cubre su recopilaci\u00f3n o uso de esta informaci\u00f3n. Divulgaci\u00f3n de informaci\u00f3n de identificaci\u00f3n personal para cumplir con la ley. Divulgaremos informaci\u00f3n de identificaci\u00f3n personal para cumplir con una orden judicial o citaci\u00f3n o una solicitud de una agencia de aplicaci\u00f3n de la ley para divulgar informaci\u00f3n. Tambi\u00e9n divulgaremos informaci\u00f3n de identificaci\u00f3n personal cuando sea razonablemente necesario para proteger la seguridad de nuestros visitantes y clientes autorizados.<\/p>\n\n\n\n<h2 class=\"wp-block-heading\">\u00bfC\u00f3mo mantiene segura el Sitio la informaci\u00f3n de identificaci\u00f3n personal?<\/h2>\n\n\n\n<p>Todos nuestros empleados est\u00e1n familiarizados con nuestra pol\u00edtica y pr\u00e1cticas de seguridad. La informaci\u00f3n de identificaci\u00f3n personal de nuestros visitantes y clientes autorizados solo es accesible para un n\u00famero limitado de empleados calificados a quienes se les proporciona una contrase\u00f1a para poder acceder a la informaci\u00f3n. Auditamos nuestros sistemas y procesos de seguridad peri\u00f3dicamente. La informaci\u00f3n confidencial, como los n\u00fameros de tarjetas de cr\u00e9dito o de seguridad social, est\u00e1 protegida mediante protocolos de cifrado, establecidos para proteger la informaci\u00f3n enviada a trav\u00e9s de Internet. Si bien tomamos medidas comercialmente razonables para mantener un sitio seguro, las comunicaciones electr\u00f3nicas y las bases de datos est\u00e1n sujetas a errores, manipulaci\u00f3n e intrusiones, y no podemos garantizar que dichos eventos no se llevar\u00e1n a cabo y no seremos responsables ante los visitantes o autoridades autorizadas. Clientes para cualquier ocurrencia de este tipo.<\/p>\n\n\n\n<h2 class=\"wp-block-heading\">\u00bfC\u00f3mo pueden los visitantes corregir cualquier inexactitud en la informaci\u00f3n de identificaci\u00f3n personal?<\/h2>\n\n\n\n<p>Los visitantes y clientes autorizados pueden comunicarse con nosotros para actualizar su informaci\u00f3n de identificaci\u00f3n personal o corregir cualquier inexactitud envi\u00e1ndonos un correo electr\u00f3nico a<\/p>\n\n\n\n<h2 class=\"wp-block-heading\">\u00bfPuede un visitante eliminar o desactivar la informaci\u00f3n de identificaci\u00f3n personal recopilada por el sitio?<\/h2>\n\n\n\n<p>Proporcionamos a los visitantes y clientes autorizados un mecanismo para eliminar\/desactivar informaci\u00f3n de identificaci\u00f3n personal de la base de datos del sitio comunic\u00e1ndose con . Sin embargo, debido a las copias de seguridad y los registros de eliminaciones, puede resultar imposible eliminar la entrada de un Visitante sin conservar cierta informaci\u00f3n residual. A una persona que solicite que se desactive la informaci\u00f3n de identificaci\u00f3n personal se le eliminar\u00e1 funcionalmente esta informaci\u00f3n y no venderemos, transferiremos ni usaremos informaci\u00f3n de identificaci\u00f3n personal relacionada con esa persona de ninguna manera en el futuro.<\/p>\n\n\n\n<h2 class=\"wp-block-heading\">\u00bfQu\u00e9 pasa si la Pol\u00edtica de Privacidad cambia?<\/h2>\n\n\n\n<p>Informaremos a nuestros visitantes y clientes autorizados sobre los cambios en nuestra pol\u00edtica de privacidad publicando dichos cambios en el Sitio. Sin embargo, si cambiamos nuestra pol\u00edtica de privacidad de una manera que pueda causar la divulgaci\u00f3n de informaci\u00f3n de identificaci\u00f3n personal que un visitante o cliente autorizado haya solicitado previamente que no se divulgue, nos comunicaremos con dicho visitante o cliente autorizado para permitir que dicho visitante o cliente autorizado autorice para impedir dicha divulgaci\u00f3n.<\/p>\n\n\n\n<p>Enlaces:<\/p>\n\n\n\n<p>contiene enlaces a otros sitios web. Tenga en cuenta que cuando haga clic en uno de estos enlaces, se le dirigir\u00e1 a otro sitio web. Le recomendamos que lea las declaraciones de privacidad de estos sitios web vinculados, ya que sus pol\u00edticas de privacidad pueden diferir de las nuestras.<\/p>","protected":false},"excerpt":{"rendered":"<p>Esta declaraci\u00f3n rige nuestras pol\u00edticas de privacidad con respecto a los usuarios del Sitio (&quot;Visitantes&quot;) que visitan sin realizar transacciones comerciales y los Visitantes que<\/p>","protected":false},"author":7,"featured_media":0,"parent":0,"menu_order":0,"comment_status":"closed","ping_status":"closed","template":"","meta":{"_acf_changed":false,"footnotes":""},"class_list":{"0":"post-2132","1":"page","2":"type-page","3":"status-publish","5":"infinite-scroll-item"},"acf":[],"yoast_head":"<!-- This site is optimized with the Yoast SEO plugin v22.6 - https:\/\/yoast.com\/wordpress\/plugins\/seo\/ -->\n<title>Pol\u00edtica de Privacidade - Top Garden<\/title>\n<meta name=\"robots\" content=\"index, follow, max-snippet:-1, max-image-preview:large, max-video-preview:-1\" \/>\n<link rel=\"canonical\" href=\"https:\/\/topgardenblog.com\/es_mx\/politica-de-privacidade\/\" \/>\n<meta property=\"og:locale\" content=\"es_MX\" \/>\n<meta property=\"og:type\" content=\"article\" \/>\n<meta property=\"og:title\" content=\"Pol\u00edtica de Privacidade - Top Garden\" \/>\n<meta property=\"og:description\" content=\"Esta declara\u00e7\u00e3o rege nossas pol\u00edticas de privacidade com respeito aos usu\u00e1rios do Site (&#8220;Visitantes&#8221;) que visitam sem efetuar transa\u00e7\u00f5es comerciais e aos Visitantes que se\" \/>\n<meta property=\"og:url\" content=\"https:\/\/topgardenblog.com\/es_mx\/politica-de-privacidade\/\" \/>\n<meta property=\"og:site_name\" content=\"Top Garden\" \/>\n<meta name=\"twitter:card\" content=\"summary_large_image\" \/>\n<meta name=\"twitter:label1\" content=\"Tiempo de lectura\" \/>\n\t<meta name=\"twitter:data1\" content=\"6 minutos\" \/>\n<script type=\"application\/ld+json\" class=\"yoast-schema-graph\">{\"@context\":\"https:\/\/schema.org\",\"@graph\":[{\"@type\":\"WebPage\",\"@id\":\"https:\/\/topgardenblog.com\/politica-de-privacidade\/\",\"url\":\"https:\/\/topgardenblog.com\/politica-de-privacidade\/\",\"name\":\"Pol\u00edtica de Privacidade - Top Garden\",\"isPartOf\":{\"@id\":\"https:\/\/topgardenblog.com\/#website\"},\"datePublished\":\"2021-10-11T07:05:21+00:00\",\"dateModified\":\"2021-10-11T07:05:21+00:00\",\"breadcrumb\":{\"@id\":\"https:\/\/topgardenblog.com\/politica-de-privacidade\/#breadcrumb\"},\"inLanguage\":\"es\",\"potentialAction\":[{\"@type\":\"ReadAction\",\"target\":[\"https:\/\/topgardenblog.com\/politica-de-privacidade\/\"]}]},{\"@type\":\"BreadcrumbList\",\"@id\":\"https:\/\/topgardenblog.com\/politica-de-privacidade\/#breadcrumb\",\"itemListElement\":[{\"@type\":\"ListItem\",\"position\":1,\"name\":\"In\u00edcio\",\"item\":\"https:\/\/topgardenblog.com\/\"},{\"@type\":\"ListItem\",\"position\":2,\"name\":\"Pol\u00edtica de Privacidade\"}]},{\"@type\":\"WebSite\",\"@id\":\"https:\/\/topgardenblog.com\/#website\",\"url\":\"https:\/\/topgardenblog.com\/\",\"name\":\"Top Garden\",\"description\":\"\",\"potentialAction\":[{\"@type\":\"SearchAction\",\"target\":{\"@type\":\"EntryPoint\",\"urlTemplate\":\"https:\/\/topgardenblog.com\/?s={search_term_string}\"},\"query-input\":\"required name=search_term_string\"}],\"inLanguage\":\"es\"}]}<\/script>\n<!-- \/ Yoast SEO plugin. -->","yoast_head_json":{"title":"Pol\u00edtica de Privacidade - Top Garden","robots":{"index":"index","follow":"follow","max-snippet":"max-snippet:-1","max-image-preview":"max-image-preview:large","max-video-preview":"max-video-preview:-1"},"canonical":"https:\/\/topgardenblog.com\/es_mx\/politica-de-privacidade\/","og_locale":"es_MX","og_type":"article","og_title":"Pol\u00edtica de Privacidade - Top Garden","og_description":"Esta declara\u00e7\u00e3o rege nossas pol\u00edticas de privacidade com respeito aos usu\u00e1rios do Site (&#8220;Visitantes&#8221;) que visitam sem efetuar transa\u00e7\u00f5es comerciais e aos Visitantes que se","og_url":"https:\/\/topgardenblog.com\/es_mx\/politica-de-privacidade\/","og_site_name":"Top Garden","twitter_card":"summary_large_image","twitter_misc":{"Tiempo de lectura":"6 minutos"},"schema":{"@context":"https:\/\/schema.org","@graph":[{"@type":"WebPage","@id":"https:\/\/topgardenblog.com\/politica-de-privacidade\/","url":"https:\/\/topgardenblog.com\/politica-de-privacidade\/","name":"Pol\u00edtica de Privacidade - Top Garden","isPartOf":{"@id":"https:\/\/topgardenblog.com\/#website"},"datePublished":"2021-10-11T07:05:21+00:00","dateModified":"2021-10-11T07:05:21+00:00","breadcrumb":{"@id":"https:\/\/topgardenblog.com\/politica-de-privacidade\/#breadcrumb"},"inLanguage":"es","potentialAction":[{"@type":"ReadAction","target":["https:\/\/topgardenblog.com\/politica-de-privacidade\/"]}]},{"@type":"BreadcrumbList","@id":"https:\/\/topgardenblog.com\/politica-de-privacidade\/#breadcrumb","itemListElement":[{"@type":"ListItem","position":1,"name":"In\u00edcio","item":"https:\/\/topgardenblog.com\/"},{"@type":"ListItem","position":2,"name":"Pol\u00edtica de Privacidade"}]},{"@type":"WebSite","@id":"https:\/\/topgardenblog.com\/#website","url":"https:\/\/topgardenblog.com\/","name":"Top Garden","description":"","potentialAction":[{"@type":"SearchAction","target":{"@type":"EntryPoint","urlTemplate":"https:\/\/topgardenblog.com\/?s={search_term_string}"},"query-input":"required name=search_term_string"}],"inLanguage":"es"}]}},"_links":{"self":[{"href":"https:\/\/topgardenblog.com\/es_mx\/wp-json\/wp\/v2\/pages\/2132","targetHints":{"allow":["GET"]}}],"collection":[{"href":"https:\/\/topgardenblog.com\/es_mx\/wp-json\/wp\/v2\/pages"}],"about":[{"href":"https:\/\/topgardenblog.com\/es_mx\/wp-json\/wp\/v2\/types\/page"}],"author":[{"embeddable":true,"href":"https:\/\/topgardenblog.com\/es_mx\/wp-json\/wp\/v2\/users\/7"}],"replies":[{"embeddable":true,"href":"https:\/\/topgardenblog.com\/es_mx\/wp-json\/wp\/v2\/comments?post=2132"}],"version-history":[{"count":0,"href":"https:\/\/topgardenblog.com\/es_mx\/wp-json\/wp\/v2\/pages\/2132\/revisions"}],"wp:attachment":[{"href":"https:\/\/topgardenblog.com\/es_mx\/wp-json\/wp\/v2\/media?parent=2132"}],"curies":[{"name":"wp","href":"https:\/\/api.w.org\/{rel}","templated":true}]}}