{"id":9711,"date":"2022-12-22T09:12:02","date_gmt":"2022-12-22T09:12:02","guid":{"rendered":"https:\/\/topgardenblog.com\/?page_id=9711"},"modified":"2022-12-22T09:12:02","modified_gmt":"2022-12-22T09:12:02","slug":"politica-de-cookies","status":"publish","type":"page","link":"https:\/\/topgardenblog.com\/de\/politica-de-cookies\/","title":{"rendered":"Cookie-Richtlinie"},"content":{"rendered":"<p>Wir verpflichten uns, Ihre Privatsph\u00e4re im Internet zu sch\u00fctzen. Welche Informationen sammeln wir? Wir erfassen Informationen von Ihnen, wenn Sie unsere Website besuchen. Beim Absenden oder Registrieren auf unserer Website werden Sie m\u00f6glicherweise aufgefordert, Ihren Namen oder Ihre E-Mail-Adresse einzugeben. Sie k\u00f6nnen unsere Website jedoch anonym besuchen. Wof\u00fcr verwenden wir Ihre Informationen? Alle Informationen, die wir von Ihnen sammeln, k\u00f6nnen auf eine der folgenden Arten verwendet werden: Um unsere Website zu verbessern. Um den Kundenservice zu verbessern. Wie sch\u00fctzen wir Ihre Daten? Wir implementieren verschiedene Sicherheitsma\u00dfnahmen, um die Sicherheit Ihrer pers\u00f6nlichen Daten zu gew\u00e4hrleisten, wenn Sie eine Bestellung aufgeben oder Ihre pers\u00f6nlichen Daten eingeben, \u00fcbermitteln oder darauf zugreifen. Cookies sind kleine Dateien, die eine Website oder ihr Dienstanbieter \u00fcber Ihren Browser (sofern Sie dies zulassen) auf die Festplatte Ihres Computers \u00fcbertr\u00e4gt und es den Websites oder Dienstanbietersystemen erm\u00f6glicht, Ihren Browser zu erkennen und ihn zu erfassen und zu speichern. Bestimmte Informationen verwenden wir Cookies, um Ihre Pr\u00e4ferenzen verstehen und f\u00fcr zuk\u00fcnftige Besuche speichern. Diese Online-Datenschutzrichtlinie gilt nur f\u00fcr Informationen, die \u00fcber unsere Website erfasst werden, und nicht f\u00fcr Informationen, die offline erfasst werden. \u00c4nderungen unserer Datenschutzrichtlinie Wenn wir beschlie\u00dfen, unsere Datenschutzrichtlinie zu \u00e4ndern, werden wir diese \u00c4nderungen auf dieser Seite ver\u00f6ffentlichen. Wenn Sie Fragen oder Anregungen zu unserer Datenschutzrichtlinie haben, kontaktieren Sie uns bitte und wir werden uns in K\u00fcrze bei Ihnen melden.<\/p>\n\n\n\n<h2 class=\"wp-block-heading\">KONTAKTINFORMATIONEN<\/h2>\n\n\n\n<p>Korrespondenzadresse: Rua das ac\u00e1cias, Sumar\u00e9, SP, Brasilien<br>Telefon: +55929996-5008<\/p>\n\n\n\n<p>Kontakt-E-Mail: contato@topgardenblog.com<\/p>\n\n\n\n<p>&nbsp;<\/p>","protected":false},"excerpt":{"rendered":"<p>Wir verpflichten uns, Ihre Privatsph\u00e4re im Internet zu sch\u00fctzen. Welche Informationen sammeln wir? Wir erfassen Informationen von Ihnen, wenn Sie unsere Website besuchen. Durch die \u00dcbermittlung oder Registrierung auf unserer Website,<\/p>","protected":false},"author":7,"featured_media":0,"parent":0,"menu_order":0,"comment_status":"closed","ping_status":"closed","template":"","meta":{"_acf_changed":false,"footnotes":""},"class_list":{"0":"post-9711","1":"page","2":"type-page","3":"status-publish","5":"infinite-scroll-item"},"acf":[],"yoast_head":"<!-- This site is optimized with the Yoast SEO plugin v22.6 - https:\/\/yoast.com\/wordpress\/plugins\/seo\/ -->\n<title>Pol\u00edtica de Cookies - Top Garden<\/title>\n<meta name=\"robots\" content=\"index, follow, max-snippet:-1, max-image-preview:large, max-video-preview:-1\" \/>\n<link rel=\"canonical\" href=\"https:\/\/topgardenblog.com\/de\/politica-de-cookies\/\" \/>\n<meta property=\"og:locale\" content=\"de_DE\" \/>\n<meta property=\"og:type\" content=\"article\" \/>\n<meta property=\"og:title\" content=\"Pol\u00edtica de Cookies - Top Garden\" \/>\n<meta property=\"og:description\" content=\"Est\u00e1 empenhada em proteger sua privacidade on-line. Que informa\u00e7\u00f5es coletamos? Coletamos informa\u00e7\u00f5es de voc\u00ea quando visita nosso site. Ao enviar ou registrar-se em nosso site,\" \/>\n<meta property=\"og:url\" content=\"https:\/\/topgardenblog.com\/de\/politica-de-cookies\/\" \/>\n<meta property=\"og:site_name\" content=\"Top Garden\" \/>\n<meta name=\"twitter:card\" content=\"summary_large_image\" \/>\n<meta name=\"twitter:label1\" content=\"Gesch\u00e4tzte Lesezeit\" \/>\n\t<meta name=\"twitter:data1\" content=\"2\u00a0Minuten\" \/>\n<script type=\"application\/ld+json\" class=\"yoast-schema-graph\">{\"@context\":\"https:\/\/schema.org\",\"@graph\":[{\"@type\":\"WebPage\",\"@id\":\"https:\/\/topgardenblog.com\/politica-de-cookies\/\",\"url\":\"https:\/\/topgardenblog.com\/politica-de-cookies\/\",\"name\":\"Pol\u00edtica de Cookies - Top Garden\",\"isPartOf\":{\"@id\":\"https:\/\/topgardenblog.com\/#website\"},\"datePublished\":\"2022-12-22T09:12:02+00:00\",\"dateModified\":\"2022-12-22T09:12:02+00:00\",\"breadcrumb\":{\"@id\":\"https:\/\/topgardenblog.com\/politica-de-cookies\/#breadcrumb\"},\"inLanguage\":\"de\",\"potentialAction\":[{\"@type\":\"ReadAction\",\"target\":[\"https:\/\/topgardenblog.com\/politica-de-cookies\/\"]}]},{\"@type\":\"BreadcrumbList\",\"@id\":\"https:\/\/topgardenblog.com\/politica-de-cookies\/#breadcrumb\",\"itemListElement\":[{\"@type\":\"ListItem\",\"position\":1,\"name\":\"In\u00edcio\",\"item\":\"https:\/\/topgardenblog.com\/\"},{\"@type\":\"ListItem\",\"position\":2,\"name\":\"Pol\u00edtica de Cookies\"}]},{\"@type\":\"WebSite\",\"@id\":\"https:\/\/topgardenblog.com\/#website\",\"url\":\"https:\/\/topgardenblog.com\/\",\"name\":\"Top Garden\",\"description\":\"\",\"potentialAction\":[{\"@type\":\"SearchAction\",\"target\":{\"@type\":\"EntryPoint\",\"urlTemplate\":\"https:\/\/topgardenblog.com\/?s={search_term_string}\"},\"query-input\":\"required name=search_term_string\"}],\"inLanguage\":\"de\"}]}<\/script>\n<!-- \/ Yoast SEO plugin. -->","yoast_head_json":{"title":"Pol\u00edtica de Cookies - Top Garden","robots":{"index":"index","follow":"follow","max-snippet":"max-snippet:-1","max-image-preview":"max-image-preview:large","max-video-preview":"max-video-preview:-1"},"canonical":"https:\/\/topgardenblog.com\/de\/politica-de-cookies\/","og_locale":"de_DE","og_type":"article","og_title":"Pol\u00edtica de Cookies - Top Garden","og_description":"Est\u00e1 empenhada em proteger sua privacidade on-line. Que informa\u00e7\u00f5es coletamos? Coletamos informa\u00e7\u00f5es de voc\u00ea quando visita nosso site. Ao enviar ou registrar-se em nosso site,","og_url":"https:\/\/topgardenblog.com\/de\/politica-de-cookies\/","og_site_name":"Top Garden","twitter_card":"summary_large_image","twitter_misc":{"Gesch\u00e4tzte Lesezeit":"2\u00a0Minuten"},"schema":{"@context":"https:\/\/schema.org","@graph":[{"@type":"WebPage","@id":"https:\/\/topgardenblog.com\/politica-de-cookies\/","url":"https:\/\/topgardenblog.com\/politica-de-cookies\/","name":"Pol\u00edtica de Cookies - Top Garden","isPartOf":{"@id":"https:\/\/topgardenblog.com\/#website"},"datePublished":"2022-12-22T09:12:02+00:00","dateModified":"2022-12-22T09:12:02+00:00","breadcrumb":{"@id":"https:\/\/topgardenblog.com\/politica-de-cookies\/#breadcrumb"},"inLanguage":"de","potentialAction":[{"@type":"ReadAction","target":["https:\/\/topgardenblog.com\/politica-de-cookies\/"]}]},{"@type":"BreadcrumbList","@id":"https:\/\/topgardenblog.com\/politica-de-cookies\/#breadcrumb","itemListElement":[{"@type":"ListItem","position":1,"name":"In\u00edcio","item":"https:\/\/topgardenblog.com\/"},{"@type":"ListItem","position":2,"name":"Pol\u00edtica de Cookies"}]},{"@type":"WebSite","@id":"https:\/\/topgardenblog.com\/#website","url":"https:\/\/topgardenblog.com\/","name":"Top Garden","description":"","potentialAction":[{"@type":"SearchAction","target":{"@type":"EntryPoint","urlTemplate":"https:\/\/topgardenblog.com\/?s={search_term_string}"},"query-input":"required name=search_term_string"}],"inLanguage":"de"}]}},"_links":{"self":[{"href":"https:\/\/topgardenblog.com\/de\/wp-json\/wp\/v2\/pages\/9711","targetHints":{"allow":["GET"]}}],"collection":[{"href":"https:\/\/topgardenblog.com\/de\/wp-json\/wp\/v2\/pages"}],"about":[{"href":"https:\/\/topgardenblog.com\/de\/wp-json\/wp\/v2\/types\/page"}],"author":[{"embeddable":true,"href":"https:\/\/topgardenblog.com\/de\/wp-json\/wp\/v2\/users\/7"}],"replies":[{"embeddable":true,"href":"https:\/\/topgardenblog.com\/de\/wp-json\/wp\/v2\/comments?post=9711"}],"version-history":[{"count":0,"href":"https:\/\/topgardenblog.com\/de\/wp-json\/wp\/v2\/pages\/9711\/revisions"}],"wp:attachment":[{"href":"https:\/\/topgardenblog.com\/de\/wp-json\/wp\/v2\/media?parent=9711"}],"curies":[{"name":"wp","href":"https:\/\/api.w.org\/{rel}","templated":true}]}}