{"id":2132,"date":"2021-10-11T04:05:21","date_gmt":"2021-10-11T07:05:21","guid":{"rendered":"https:\/\/topgardenblog.com\/?page_id=2132"},"modified":"2021-10-11T04:05:21","modified_gmt":"2021-10-11T07:05:21","slug":"politica-de-privacidade","status":"publish","type":"page","link":"https:\/\/topgardenblog.com\/de\/politica-de-privacidade\/","title":{"rendered":"Datenschutzrichtlinie"},"content":{"rendered":"<p>Diese Erkl\u00e4rung regelt unsere Datenschutzrichtlinien in Bezug auf die Benutzer der Website (\u201eBesucher\u201c), die sie besuchen, ohne Gesch\u00e4fte abzuwickeln, und Besucher, die sich registrieren, um Gesch\u00e4fte auf der Website abzuwickeln und die verschiedenen von (zusammen \u201eDienste\u201c) angebotenen Dienste zu nutzen. . ) (\u201eAutorisierte Kunden\u201c).<\/p>\n\n\n\n<p>\u201ePers\u00f6nlich identifizierbare Informationen.\u201c<\/p>\n\n\n\n<p>bezieht sich auf alle Informationen, die die Person, auf die sich diese Informationen beziehen, identifizieren oder dazu verwendet werden k\u00f6nnen, die Person zu identifizieren, zu kontaktieren oder zu lokalisieren, einschlie\u00dflich, aber nicht beschr\u00e4nkt auf, Name, Adresse, Telefonnummer, Faxnummer, E-Mail-Adresse, Finanzprofile, Sozialversicherung Nummer und Kreditkarteninformationen. Pers\u00f6nlich identifizierbare Informationen umfassen keine Informationen, die anonym gesammelt werden (d. h. ohne Identifizierung des einzelnen Benutzers) oder demografische Informationen, die nicht mit einer identifizierten Person in Verbindung stehen.<\/p>\n\n\n\n<h2 class=\"wp-block-heading\">Welche personenbezogenen Daten werden erfasst?<\/h2>\n\n\n\n<p>Wir erfassen m\u00f6glicherweise grundlegende Benutzerprofilinformationen von allen unseren Besuchern. Wir erfassen die folgenden zus\u00e4tzlichen Informationen von unseren autorisierten Kunden: die Namen, Adressen, Telefonnummern und E-Mail-Adressen der autorisierten Kunden, die Art und Gr\u00f6\u00dfe des Unternehmens sowie die Art und Gr\u00f6\u00dfe des Werbeinventars, das der autorisierte Kunde zu kaufen oder zu kaufen beabsichtigt verkaufen.<\/p>\n\n\n\n<h2 class=\"wp-block-heading\">Welche Organisationen sammeln die Informationen?<\/h2>\n\n\n\n<p>Zus\u00e4tzlich zu unserer direkten Erfassung von Informationen k\u00f6nnen unsere Drittanbieter (z. B. Kreditkartenunternehmen, Clearingstellen und Banken), die Dienstleistungen wie Kredit-, Versicherungs- und Treuhanddienste anbieten, diese Informationen von unseren Besuchern und autorisierten Kunden erfassen. Wir kontrollieren nicht, wie diese Dritten diese Informationen verwenden, bitten sie jedoch, offenzulegen, wie sie die ihnen von Besuchern und autorisierten Kunden zur Verf\u00fcgung gestellten personenbezogenen Daten verwenden. Bei einigen dieser Dritten kann es sich um Vermittler handeln, die lediglich als Glieder in der Vertriebskette fungieren und die ihnen zur Verf\u00fcgung gestellten Informationen nicht speichern, aufbewahren oder nutzen.<\/p>\n\n\n\n<h2 class=\"wp-block-heading\">Wie verwendet die Website personenbezogene Daten?<\/h2>\n\n\n\n<p>Wir verwenden personenbezogene Daten, um die Website zu personalisieren, entsprechende Serviceangebote anzubieten und Kauf- und Verkaufsanfragen auf der Website zu erf\u00fcllen. Wir k\u00f6nnen Besuchern und autorisierten Kunden E-Mails \u00fcber Recherche- oder Kauf- und Verkaufsm\u00f6glichkeiten auf der Website oder Informationen zum Thema der Website senden. Wir k\u00f6nnen personenbezogene Daten auch verwenden, um Besucher und autorisierte Kunden als Reaktion auf spezifische Anfragen zu kontaktieren oder angeforderte Informationen bereitzustellen.<\/p>\n\n\n\n<h2 class=\"wp-block-heading\">An wen d\u00fcrfen die Informationen weitergegeben werden?<\/h2>\n\n\n\n<p>Pers\u00f6nlich identifizierbare Informationen \u00fcber autorisierte Kunden k\u00f6nnen an andere autorisierte Kunden weitergegeben werden, die potenzielle Transaktionen mit anderen autorisierten Kunden bewerten m\u00f6chten. Wir k\u00f6nnen aggregierte Informationen \u00fcber unsere Besucher, einschlie\u00dflich der demografischen Daten unserer Besucher und autorisierten Kunden, an unsere angeschlossenen Agenturen und Drittanbieter weitergeben. Wir bieten auch die M\u00f6glichkeit, \u201eden Erhalt von Informationen oder die Kontaktaufnahme durch uns oder eine in unserem Namen handelnde Agentur abzulehnen\u201c.<\/p>\n\n\n\n<h2 class=\"wp-block-heading\">Wie werden personenbezogene Daten gespeichert?<\/h2>\n\n\n\n<p>Die gesammelten personenbezogenen Daten werden sicher gespeichert und sind f\u00fcr Dritte oder Mitarbeiter au\u00dfer f\u00fcr die oben angegebene Verwendung nicht zug\u00e4nglich.<\/p>\n\n\n\n<h2 class=\"wp-block-heading\">Welche Wahlm\u00f6glichkeiten haben Besucher hinsichtlich der Erhebung, Nutzung und Verbreitung von Informationen?<\/h2>\n\n\n\n<p>Besucher und autorisierte Kunden k\u00f6nnen den Erhalt unaufgeforderter Informationen von uns und\/oder unseren Anbietern und angeschlossenen Agenturen oder die Kontaktaufnahme durch uns ablehnen, indem sie wie angewiesen auf E-Mails antworten oder uns unter kontaktieren<\/p>\n\n\n\n<h2 class=\"wp-block-heading\">Werden auf der Website Cookies verwendet?<\/h2>\n\n\n\n<p>Cookies werden aus verschiedenen Gr\u00fcnden verwendet. Wir verwenden Cookies, um Informationen \u00fcber die Pr\u00e4ferenzen unserer Besucher und die von ihnen ausgew\u00e4hlten Dienste zu erhalten. Wir verwenden Cookies auch aus Sicherheitsgr\u00fcnden, um unsere autorisierten Kunden zu sch\u00fctzen. Wenn beispielsweise ein autorisierter Kunde angemeldet ist und die Website l\u00e4nger als 10 Minuten nicht genutzt wird, melden wir den autorisierten Kunden automatisch ab.<\/p>\n\n\n\n<h2 class=\"wp-block-heading\">Wie verwende ich Anmeldeinformationen?<\/h2>\n\n\n\n<p>verwendet Anmeldeinformationen, einschlie\u00dflich, aber nicht beschr\u00e4nkt auf IP-Adressen, ISPs und Browsertypen, um Trends zu analysieren, die Website zu verwalten, die Bewegung und Nutzung eines Benutzers zu verfolgen und umfassende demografische Informationen zu sammeln.<\/p>\n\n\n\n<h2 class=\"wp-block-heading\">Welche Partner oder Dienstleister haben Zugriff auf personenbezogene Daten von Besuchern und\/oder autorisierten Kunden auf der Website?<\/h2>\n\n\n\n<p>Solche Anbieter haben unter Umst\u00e4nden Zugriff auf bestimmte pers\u00f6nlich identifizierbare Informationen, wenn dies erforderlich ist, um autorisierte Kunden hinsichtlich ihrer Serviceberechtigung zu beurteilen. Unsere Datenschutzrichtlinie erstreckt sich nicht auf Ihre Erhebung oder Nutzung dieser Informationen. Offenlegung personenbezogener Daten zur Einhaltung von Gesetzen. Wir werden personenbezogene Daten offenlegen, um einem Gerichtsbeschluss oder einer Vorladung oder einer Aufforderung einer Strafverfolgungsbeh\u00f6rde zur Herausgabe von Informationen nachzukommen. Wir werden auch personenbezogene Daten offenlegen, wenn dies zum Schutz der Sicherheit unserer Besucher und autorisierten Kunden vern\u00fcnftigerweise erforderlich ist.<\/p>\n\n\n\n<h2 class=\"wp-block-heading\">Wie sch\u00fctzt die Website personenbezogene Daten?<\/h2>\n\n\n\n<p>Alle unsere Mitarbeiter sind mit unseren Sicherheitsrichtlinien und -praktiken vertraut. Die personenbezogenen Daten unserer Besucher und autorisierten Kunden sind nur einer begrenzten Anzahl qualifizierter Mitarbeiter zug\u00e4nglich, die ein Passwort erhalten, um Zugriff auf die Informationen zu erhalten. Wir \u00fcberpr\u00fcfen unsere Sicherheitssysteme und -prozesse regelm\u00e4\u00dfig. Sensible Informationen wie Kreditkarten- oder Sozialversicherungsnummern werden durch Verschl\u00fcsselungsprotokolle gesch\u00fctzt, die zum Schutz der \u00fcber das Internet gesendeten Informationen dienen. Obwohl wir wirtschaftlich angemessene Ma\u00dfnahmen ergreifen, um eine sichere Website aufrechtzuerhalten, unterliegen elektronische Kommunikation und Datenbanken Fehlern, Manipulationen und Einbr\u00fcchen. Wir k\u00f6nnen nicht garantieren oder garantieren, dass solche Ereignisse nicht stattfinden, und wir haften gegen\u00fcber Besuchern oder Autorisierten nicht Kunden f\u00fcr solche Vorkommnisse. .<\/p>\n\n\n\n<h2 class=\"wp-block-heading\">Wie k\u00f6nnen Besucher Ungenauigkeiten in personenbezogenen Daten korrigieren?<\/h2>\n\n\n\n<p>Besucher und autorisierte Kunden k\u00f6nnen sich per E-Mail an uns wenden, um personenbezogene Daten \u00fcber sie zu aktualisieren oder etwaige Ungenauigkeiten zu korrigieren<\/p>\n\n\n\n<h2 class=\"wp-block-heading\">Kann ein Besucher die von der Website erfassten personenbezogenen Daten l\u00f6schen oder deaktivieren?<\/h2>\n\n\n\n<p>Wir bieten Besuchern und autorisierten Kunden einen Mechanismus zum L\u00f6schen\/Deaktivieren personenbezogener Daten aus der Datenbank der Website, indem sie Kontakt mit uns aufnehmen. Aufgrund von Backups und Aufzeichnungen \u00fcber L\u00f6schungen ist es jedoch m\u00f6glicherweise unm\u00f6glich, den Eintrag eines Besuchers zu l\u00f6schen, ohne dass einige verbleibende Informationen erhalten bleiben. Eine Person, die die Deaktivierung pers\u00f6nlich identifizierbarer Informationen beantragt, wird diese Informationen funktionell l\u00f6schen lassen und wir werden pers\u00f6nlich identifizierbare Informationen, die sich auf diese Person beziehen, in Zukunft nicht mehr verkaufen, \u00fcbertragen oder in irgendeiner Weise verwenden.<\/p>\n\n\n\n<h2 class=\"wp-block-heading\">Was passiert, wenn sich die Datenschutzrichtlinie \u00e4ndert?<\/h2>\n\n\n\n<p>Wir werden unsere Besucher und autorisierten Kunden \u00fcber \u00c4nderungen unserer Datenschutzrichtlinie informieren, indem wir diese \u00c4nderungen auf der Website ver\u00f6ffentlichen. Wenn wir jedoch unsere Datenschutzrichtlinie in einer Weise \u00e4ndern, die zur Offenlegung personenbezogener Daten f\u00fchren k\u00f6nnte, deren Offenlegung ein Besucher oder autorisierter Kunde zuvor beantragt hat, werden wir diesen Besucher oder autorisierten Kunden kontaktieren, um diesem Besucher oder autorisierten Kunden die Weitergabe zu gestatten um eine solche Offenlegung zu verhindern.<\/p>\n\n\n\n<p>Links:<\/p>\n\n\n\n<p>enth\u00e4lt Links zu anderen Websites. Bitte beachten Sie, dass Sie zu einer anderen Website wechseln, wenn Sie auf einen dieser Links klicken. Wir empfehlen Ihnen, die Datenschutzerkl\u00e4rungen dieser verlinkten Websites zu lesen, da deren Datenschutzrichtlinien von unseren abweichen k\u00f6nnen.<\/p>","protected":false},"excerpt":{"rendered":"<p>Diese Erkl\u00e4rung regelt unsere Datenschutzrichtlinien in Bezug auf Benutzer der Website (\u201eBesucher\u201c), die sie besuchen, ohne Gesch\u00e4fte abzuwickeln, und Besucher, die die Website besuchen<\/p>","protected":false},"author":7,"featured_media":0,"parent":0,"menu_order":0,"comment_status":"closed","ping_status":"closed","template":"","meta":{"_acf_changed":false,"footnotes":""},"class_list":{"0":"post-2132","1":"page","2":"type-page","3":"status-publish","5":"infinite-scroll-item"},"acf":[],"yoast_head":"<!-- This site is optimized with the Yoast SEO plugin v22.6 - https:\/\/yoast.com\/wordpress\/plugins\/seo\/ -->\n<title>Pol\u00edtica de Privacidade - Top Garden<\/title>\n<meta name=\"robots\" content=\"index, follow, max-snippet:-1, max-image-preview:large, max-video-preview:-1\" \/>\n<link rel=\"canonical\" href=\"https:\/\/topgardenblog.com\/de\/politica-de-privacidade\/\" \/>\n<meta property=\"og:locale\" content=\"de_DE\" \/>\n<meta property=\"og:type\" content=\"article\" \/>\n<meta property=\"og:title\" content=\"Pol\u00edtica de Privacidade - Top Garden\" \/>\n<meta property=\"og:description\" content=\"Esta declara\u00e7\u00e3o rege nossas pol\u00edticas de privacidade com respeito aos usu\u00e1rios do Site (&#8220;Visitantes&#8221;) que visitam sem efetuar transa\u00e7\u00f5es comerciais e aos Visitantes que se\" \/>\n<meta property=\"og:url\" content=\"https:\/\/topgardenblog.com\/de\/politica-de-privacidade\/\" \/>\n<meta property=\"og:site_name\" content=\"Top Garden\" \/>\n<meta name=\"twitter:card\" content=\"summary_large_image\" \/>\n<meta name=\"twitter:label1\" content=\"Gesch\u00e4tzte Lesezeit\" \/>\n\t<meta name=\"twitter:data1\" content=\"6\u00a0Minuten\" \/>\n<script type=\"application\/ld+json\" class=\"yoast-schema-graph\">{\"@context\":\"https:\/\/schema.org\",\"@graph\":[{\"@type\":\"WebPage\",\"@id\":\"https:\/\/topgardenblog.com\/politica-de-privacidade\/\",\"url\":\"https:\/\/topgardenblog.com\/politica-de-privacidade\/\",\"name\":\"Pol\u00edtica de Privacidade - Top Garden\",\"isPartOf\":{\"@id\":\"https:\/\/topgardenblog.com\/#website\"},\"datePublished\":\"2021-10-11T07:05:21+00:00\",\"dateModified\":\"2021-10-11T07:05:21+00:00\",\"breadcrumb\":{\"@id\":\"https:\/\/topgardenblog.com\/politica-de-privacidade\/#breadcrumb\"},\"inLanguage\":\"de\",\"potentialAction\":[{\"@type\":\"ReadAction\",\"target\":[\"https:\/\/topgardenblog.com\/politica-de-privacidade\/\"]}]},{\"@type\":\"BreadcrumbList\",\"@id\":\"https:\/\/topgardenblog.com\/politica-de-privacidade\/#breadcrumb\",\"itemListElement\":[{\"@type\":\"ListItem\",\"position\":1,\"name\":\"In\u00edcio\",\"item\":\"https:\/\/topgardenblog.com\/\"},{\"@type\":\"ListItem\",\"position\":2,\"name\":\"Pol\u00edtica de Privacidade\"}]},{\"@type\":\"WebSite\",\"@id\":\"https:\/\/topgardenblog.com\/#website\",\"url\":\"https:\/\/topgardenblog.com\/\",\"name\":\"Top Garden\",\"description\":\"\",\"potentialAction\":[{\"@type\":\"SearchAction\",\"target\":{\"@type\":\"EntryPoint\",\"urlTemplate\":\"https:\/\/topgardenblog.com\/?s={search_term_string}\"},\"query-input\":\"required name=search_term_string\"}],\"inLanguage\":\"de\"}]}<\/script>\n<!-- \/ Yoast SEO plugin. -->","yoast_head_json":{"title":"Pol\u00edtica de Privacidade - Top Garden","robots":{"index":"index","follow":"follow","max-snippet":"max-snippet:-1","max-image-preview":"max-image-preview:large","max-video-preview":"max-video-preview:-1"},"canonical":"https:\/\/topgardenblog.com\/de\/politica-de-privacidade\/","og_locale":"de_DE","og_type":"article","og_title":"Pol\u00edtica de Privacidade - Top Garden","og_description":"Esta declara\u00e7\u00e3o rege nossas pol\u00edticas de privacidade com respeito aos usu\u00e1rios do Site (&#8220;Visitantes&#8221;) que visitam sem efetuar transa\u00e7\u00f5es comerciais e aos Visitantes que se","og_url":"https:\/\/topgardenblog.com\/de\/politica-de-privacidade\/","og_site_name":"Top Garden","twitter_card":"summary_large_image","twitter_misc":{"Gesch\u00e4tzte Lesezeit":"6\u00a0Minuten"},"schema":{"@context":"https:\/\/schema.org","@graph":[{"@type":"WebPage","@id":"https:\/\/topgardenblog.com\/politica-de-privacidade\/","url":"https:\/\/topgardenblog.com\/politica-de-privacidade\/","name":"Pol\u00edtica de Privacidade - Top Garden","isPartOf":{"@id":"https:\/\/topgardenblog.com\/#website"},"datePublished":"2021-10-11T07:05:21+00:00","dateModified":"2021-10-11T07:05:21+00:00","breadcrumb":{"@id":"https:\/\/topgardenblog.com\/politica-de-privacidade\/#breadcrumb"},"inLanguage":"de","potentialAction":[{"@type":"ReadAction","target":["https:\/\/topgardenblog.com\/politica-de-privacidade\/"]}]},{"@type":"BreadcrumbList","@id":"https:\/\/topgardenblog.com\/politica-de-privacidade\/#breadcrumb","itemListElement":[{"@type":"ListItem","position":1,"name":"In\u00edcio","item":"https:\/\/topgardenblog.com\/"},{"@type":"ListItem","position":2,"name":"Pol\u00edtica de Privacidade"}]},{"@type":"WebSite","@id":"https:\/\/topgardenblog.com\/#website","url":"https:\/\/topgardenblog.com\/","name":"Top Garden","description":"","potentialAction":[{"@type":"SearchAction","target":{"@type":"EntryPoint","urlTemplate":"https:\/\/topgardenblog.com\/?s={search_term_string}"},"query-input":"required name=search_term_string"}],"inLanguage":"de"}]}},"_links":{"self":[{"href":"https:\/\/topgardenblog.com\/de\/wp-json\/wp\/v2\/pages\/2132","targetHints":{"allow":["GET"]}}],"collection":[{"href":"https:\/\/topgardenblog.com\/de\/wp-json\/wp\/v2\/pages"}],"about":[{"href":"https:\/\/topgardenblog.com\/de\/wp-json\/wp\/v2\/types\/page"}],"author":[{"embeddable":true,"href":"https:\/\/topgardenblog.com\/de\/wp-json\/wp\/v2\/users\/7"}],"replies":[{"embeddable":true,"href":"https:\/\/topgardenblog.com\/de\/wp-json\/wp\/v2\/comments?post=2132"}],"version-history":[{"count":0,"href":"https:\/\/topgardenblog.com\/de\/wp-json\/wp\/v2\/pages\/2132\/revisions"}],"wp:attachment":[{"href":"https:\/\/topgardenblog.com\/de\/wp-json\/wp\/v2\/media?parent=2132"}],"curies":[{"name":"wp","href":"https:\/\/api.w.org\/{rel}","templated":true}]}}